{"id":9193,"date":"2021-12-20T21:12:30","date_gmt":"2021-12-20T20:12:30","guid":{"rendered":"http:\/\/www.guesalaz.es\/?page_id=9193"},"modified":"2021-12-21T10:29:44","modified_gmt":"2021-12-21T09:29:44","slug":"convocatorias","status":"publish","type":"page","link":"http:\/\/www.guesalaz.es\/eu\/zunbeltz-espacio-test-agrario\/convocatorias\/","title":{"rendered":"Deialdiak"},"content":{"rendered":"<p>Bi deialdi egin dira, bata Zunbeltz Nekazaritzako Test Gunean testatzaile izan nahi duten pertsonentzat eta bestea Zunbeltz Nekazaritzako Test Guneko dinamizatzailea kontratatzeko.<\/p>\n<p><img loading=\"lazy\" decoding=\"async\" class=\"wp-image-9648 alignright\" src=\"http:\/\/www.yerri.es\/wp-content\/uploads\/sites\/63\/2021\/12\/paisaje.png\" alt=\"\" width=\"306\" height=\"162\" \/>Zunbeltz Nafarroako lehen nekazaritzako eta abeltzaintzako test gunea da, eta sustatu nahi ditu profesionalak pixkanaka nekazaritza ekologikoaren sektorean sartzea eta ezagutza transferitzea; aukera bat da belaunaldien arteko erreleboa egiteko eta sektorea dinamizatzeko, eta, horrek, eskualdean biztanleak finkatzen lagunduko du. Andia Mankomunitateak koordinatzen du proiektua, CPAEN\/NNPEK eta NUPekin batera, erakunde bazkide gisa.<\/p>\n<p>Bi deialdi ireki dira:<\/p>\n<p><strong>1) TESTATZAILE IZATEKO HAUTAGAIAK ZUNBELTZ NEKAZARITZAKO TEST GUNEAN<\/strong><\/p>\n<p>Zunbeltz aukera bat da nekazaritza ekologikoaren sektorean sartzeko. Horretarako, ekintzaileei nekazaritza-proiektuak probatzeko espazio seguru bat eskaintzen zaie.<\/p>\n<p>Saiakuntzak edo testak egiten dituzten pertsonei lur eta azpiegituretan laguntzen zaie, abeltzain adituek prestakuntza praktikoa eta aholkularitza ematen diete, eta Zunbeltz Elkartearen laguntza jasotzen dute prozesuan zehar.<\/p>\n<p>Eskabideak <strong>urtarrilaren 31ra arte<\/strong> jasoko dira.<\/p>\n<p>Deskargatu hemen deialdiaren oinarriak (gaztelaniaz):<\/p>\n<p><a href=\"http:\/\/www.yerri.es\/wp-content\/uploads\/sites\/63\/2021\/12\/CONVOCATORIA-TESTER-DEIALDIA.pdf\" class=\"mtli_attachment mtli_pdf\">CONVOCATORIA TESTER DEIALDIA<\/a><\/p>\n<p>&nbsp;<\/p>\n<p><strong>2) ZUNBELTZ NEKAZARITZAKO TEST GUNEAREN DINAMIZATZAILEA KONTRATATZEA<\/strong><\/p>\n<p>Pertsonaren eginkizuna izango da testatzaileei beren ekoizpen-proiektuetan laguntzea eta koordinatzea, bai eta Zunbeltz Nekazaritzako Test Gunea osatzen duten finken kudeaketa koordinatzea ere. Lanaldi erdiko kontratua eskaintzen da, 2022ko urtarriletik\/otsailetik abendura.<\/p>\n<p>Eskabideak <strong>urtarrilaren 20ra arte<\/strong> jasoko dira.<\/p>\n<p>Edozein zalantza izanez gero, idatzi mezu bat <a href=\"mailto:mancomunidad.andia@gmail.com\">mancomunidad.andia@gmail.com<\/a> helbidera.<\/p>\n<p>Deskargatu hemen deialdiaren oinarriak (gaztelaniaz):<\/p>\n<p><a href=\"http:\/\/www.yerri.es\/wp-content\/uploads\/sites\/63\/2021\/12\/CONVOCATORIA-DINAMIZADOR_A-DEIALDIA.pdf\" class=\"mtli_attachment mtli_pdf\">CONVOCATORIA DINAMIZADOR_A DEIALDIA<\/a><\/p>\n<p>&nbsp;<\/p>\n<p><strong>Informazio gehiago:\u00a0<\/strong><\/p>\n<ul>\n<li>Aurrerapen &#8220;An\u00e1lisis de oportunidades del sector ganader\u00eda ecol\u00f3gica&#8221;. NNPEK<\/li>\n<\/ul>\n<p style=\"padding-left: 60px\"><a href=\"http:\/\/www.yerri.es\/wp-content\/uploads\/sites\/63\/2021\/12\/Avance_Estudio_Oportunidades_ganaderia_ecologica.pdf\" class=\"mtli_attachment mtli_pdf\">Avance_Estudio_Oportunidades_ganaderia_ecologica<\/a><\/p>\n<ul>\n<li>Lursailaren informazioa La Planilla y Zunbeltz &#8211; SITNA<\/li>\n<\/ul>\n<p style=\"padding-left: 60px\"><a href=\"http:\/\/www.yerri.es\/wp-content\/uploads\/sites\/63\/2021\/12\/Info_La-Planilla_SITNA-.pdf\" class=\"mtli_attachment mtli_pdf\">Info_La Planilla_SITNA-<\/a><\/p>\n<p style=\"padding-left: 60px\"><a href=\"http:\/\/www.yerri.es\/wp-content\/uploads\/sites\/63\/2021\/12\/Info_Zunbeltz_SITNA.pdf\" class=\"mtli_attachment mtli_pdf\">Info_Zunbeltz_SITNA<\/a><\/p>\n<ul>\n<li>Nekazaritzako Test Guneen Sarea(RETA)<\/li>\n<\/ul>\n<p style=\"padding-left: 60px\"><a href=\"https:\/\/espaciostestagrarios.org\/\">https:\/\/espaciostestagrarios.org\/<\/a><\/p>\n<ul>\n<li>Nekazaritzako test guneak zer diren azaltzen duen bideoa (RETA)<\/li>\n<\/ul>\n<p>https:\/\/www.youtube.com\/watch?v=VJoiIM17C6Q<\/p>","protected":false},"excerpt":{"rendered":"<p>Bi deialdi egin dira, bata Zunbeltz Nekazaritzako Test Gunean testatzaile izan nahi duten pertsonentzat eta bestea Zunbeltz Nekazaritzako Test Guneko dinamizatzailea kontratatzeko. Zunbeltz Nafarroako lehen nekazaritzako eta abeltzaintzako test gunea da, eta sustatu nahi ditu profesionalak pixkanaka nekazaritza ekologikoaren sektorean&hellip; <\/p>\n","protected":false},"author":19114,"featured_media":0,"parent":9171,"menu_order":2,"comment_status":"closed","ping_status":"closed","template":"","meta":{"_monsterinsights_skip_tracking":false,"_monsterinsights_sitenote_active":false,"_monsterinsights_sitenote_note":"","_monsterinsights_sitenote_category":0,"footnotes":""},"class_list":["post-9193","page","type-page","status-publish","hentry"],"yoast_head":"<!-- This site is optimized with the Yoast SEO plugin v26.8 - https:\/\/yoast.com\/product\/yoast-seo-wordpress\/ -->\r\n<title>Deialdiak - Ayuntamiento de Gues\u00e1laz \/ Gesalatzeko Udala<\/title>\r\n<meta name=\"robots\" content=\"index, follow, max-snippet:-1, max-image-preview:large, max-video-preview:-1\" \/>\r\n<link rel=\"canonical\" href=\"http:\/\/www.guesalaz.es\/eu\/zunbeltz-espacio-test-agrario\/convocatorias\/\" \/>\r\n<meta property=\"og:locale\" content=\"eu_ES\" \/>\r\n<meta property=\"og:type\" content=\"article\" \/>\r\n<meta property=\"og:title\" content=\"Deialdiak - Ayuntamiento de Gues\u00e1laz \/ Gesalatzeko Udala\" \/>\r\n<meta property=\"og:description\" content=\"Bi deialdi egin dira, bata Zunbeltz Nekazaritzako Test Gunean testatzaile izan nahi duten pertsonentzat eta bestea Zunbeltz Nekazaritzako Test Guneko dinamizatzailea kontratatzeko. Zunbeltz Nafarroako lehen nekazaritzako eta abeltzaintzako test gunea da, eta sustatu nahi ditu profesionalak pixkanaka nekazaritza ekologikoaren sektorean&hellip;\" \/>\r\n<meta property=\"og:url\" content=\"http:\/\/www.guesalaz.es\/eu\/zunbeltz-espacio-test-agrario\/convocatorias\/\" \/>\r\n<meta property=\"og:site_name\" content=\"Ayuntamiento de Gues\u00e1laz \/ Gesalatzeko Udala\" \/>\r\n<meta property=\"article:modified_time\" content=\"2021-12-21T09:29:44+00:00\" \/>\r\n<meta property=\"og:image\" content=\"http:\/\/www.yerri.es\/wp-content\/uploads\/sites\/63\/2021\/12\/paisaje.png\" \/>\r\n<meta name=\"twitter:card\" content=\"summary_large_image\" \/>\r\n<meta name=\"twitter:label1\" content=\"Est. reading time\" \/>\n\t<meta name=\"twitter:data1\" content=\"3 minutes\" \/>\r\n<script type=\"application\/ld+json\" class=\"yoast-schema-graph\">{\"@context\":\"https:\/\/schema.org\",\"@graph\":[{\"@type\":\"WebPage\",\"@id\":\"http:\/\/www.guesalaz.es\/eu\/zunbeltz-espacio-test-agrario\/convocatorias\/\",\"url\":\"http:\/\/www.guesalaz.es\/eu\/zunbeltz-espacio-test-agrario\/convocatorias\/\",\"name\":\"Deialdiak - Ayuntamiento de Gues\u00e1laz \/ Gesalatzeko Udala\",\"isPartOf\":{\"@id\":\"http:\/\/www.guesalaz.es\/eu\/#website\"},\"primaryImageOfPage\":{\"@id\":\"http:\/\/www.guesalaz.es\/eu\/zunbeltz-espacio-test-agrario\/convocatorias\/#primaryimage\"},\"image\":{\"@id\":\"http:\/\/www.guesalaz.es\/zunbeltz-espacio-test-agrario\/convocatorias\/#primaryimage\"},\"thumbnailUrl\":\"http:\/\/www.yerri.es\/wp-content\/uploads\/sites\/63\/2021\/12\/paisaje.png\",\"datePublished\":\"2021-12-20T20:12:30+00:00\",\"dateModified\":\"2021-12-21T09:29:44+00:00\",\"breadcrumb\":{\"@id\":\"http:\/\/www.guesalaz.es\/eu\/zunbeltz-espacio-test-agrario\/convocatorias\/#breadcrumb\"},\"inLanguage\":\"eu-ES\",\"potentialAction\":[{\"@type\":\"ReadAction\",\"target\":[[\"http:\/\/www.guesalaz.es\/eu\/zunbeltz-espacio-test-agrario\/convocatorias\/\"]]}]},{\"@type\":\"ImageObject\",\"inLanguage\":\"eu-ES\",\"@id\":\"http:\/\/www.guesalaz.es\/eu\/zunbeltz-espacio-test-agrario\/convocatorias\/#primaryimage\",\"url\":\"http:\/\/www.yerri.es\/wp-content\/uploads\/sites\/63\/2021\/12\/paisaje.png\",\"contentUrl\":\"http:\/\/www.yerri.es\/wp-content\/uploads\/sites\/63\/2021\/12\/paisaje.png\"},{\"@type\":\"BreadcrumbList\",\"@id\":\"http:\/\/www.guesalaz.es\/eu\/zunbeltz-espacio-test-agrario\/convocatorias\/#breadcrumb\",\"itemListElement\":[{\"@type\":\"ListItem\",\"position\":1,\"name\":\"Portada\",\"item\":\"http:\/\/www.guesalaz.es\/eu\/\"},{\"@type\":\"ListItem\",\"position\":2,\"name\":\"Zunbeltz Espacio Test Agrario\",\"item\":\"http:\/\/www.guesalaz.es\/eu\/zunbeltz-espacio-test-agrario\/\"},{\"@type\":\"ListItem\",\"position\":3,\"name\":\"Convocatorias\"}]},{\"@type\":\"WebSite\",\"@id\":\"http:\/\/www.guesalaz.es\/eu\/#website\",\"url\":\"http:\/\/www.guesalaz.es\/eu\/\",\"name\":\"Ayuntamiento de Gues\u00e1laz \/ Gesalatzeko Udala\",\"description\":\"Gesalatzeko Udala\",\"potentialAction\":[{\"@type\":\"SearchAction\",\"target\":{\"@type\":\"EntryPoint\",\"urlTemplate\":\"http:\/\/www.guesalaz.es\/eu\/?s={search_term_string}\"},\"query-input\":{\"@type\":\"PropertyValueSpecification\",\"valueRequired\":true,\"valueName\":\"search_term_string\"}}],\"inLanguage\":\"eu-ES\"}]}<\/script>\r\n<!-- \/ Yoast SEO plugin. -->","yoast_head_json":{"title":"Deialdiak - Ayuntamiento de Gues\u00e1laz \/ Gesalatzeko Udala","robots":{"index":"index","follow":"follow","max-snippet":"max-snippet:-1","max-image-preview":"max-image-preview:large","max-video-preview":"max-video-preview:-1"},"canonical":"http:\/\/www.guesalaz.es\/eu\/zunbeltz-espacio-test-agrario\/convocatorias\/","og_locale":"eu_ES","og_type":"article","og_title":"Deialdiak - Ayuntamiento de Gues\u00e1laz \/ Gesalatzeko Udala","og_description":"Bi deialdi egin dira, bata Zunbeltz Nekazaritzako Test Gunean testatzaile izan nahi duten pertsonentzat eta bestea Zunbeltz Nekazaritzako Test Guneko dinamizatzailea kontratatzeko. Zunbeltz Nafarroako lehen nekazaritzako eta abeltzaintzako test gunea da, eta sustatu nahi ditu profesionalak pixkanaka nekazaritza ekologikoaren sektorean&hellip;","og_url":"http:\/\/www.guesalaz.es\/eu\/zunbeltz-espacio-test-agrario\/convocatorias\/","og_site_name":"Ayuntamiento de Gues\u00e1laz \/ Gesalatzeko Udala","article_modified_time":"2021-12-21T09:29:44+00:00","og_image":[{"url":"http:\/\/www.yerri.es\/wp-content\/uploads\/sites\/63\/2021\/12\/paisaje.png","type":"","width":"","height":""}],"twitter_card":"summary_large_image","twitter_misc":{"Est. reading time":"3 minutes"},"schema":{"@context":"https:\/\/schema.org","@graph":[{"@type":"WebPage","@id":"http:\/\/www.guesalaz.es\/eu\/zunbeltz-espacio-test-agrario\/convocatorias\/","url":"http:\/\/www.guesalaz.es\/eu\/zunbeltz-espacio-test-agrario\/convocatorias\/","name":"Deialdiak - Ayuntamiento de Gues\u00e1laz \/ Gesalatzeko Udala","isPartOf":{"@id":"http:\/\/www.guesalaz.es\/eu\/#website"},"primaryImageOfPage":{"@id":"http:\/\/www.guesalaz.es\/eu\/zunbeltz-espacio-test-agrario\/convocatorias\/#primaryimage"},"image":{"@id":"http:\/\/www.guesalaz.es\/zunbeltz-espacio-test-agrario\/convocatorias\/#primaryimage"},"thumbnailUrl":"http:\/\/www.yerri.es\/wp-content\/uploads\/sites\/63\/2021\/12\/paisaje.png","datePublished":"2021-12-20T20:12:30+00:00","dateModified":"2021-12-21T09:29:44+00:00","breadcrumb":{"@id":"http:\/\/www.guesalaz.es\/eu\/zunbeltz-espacio-test-agrario\/convocatorias\/#breadcrumb"},"inLanguage":"eu-ES","potentialAction":[{"@type":"ReadAction","target":[["http:\/\/www.guesalaz.es\/eu\/zunbeltz-espacio-test-agrario\/convocatorias\/"]]}]},{"@type":"ImageObject","inLanguage":"eu-ES","@id":"http:\/\/www.guesalaz.es\/eu\/zunbeltz-espacio-test-agrario\/convocatorias\/#primaryimage","url":"http:\/\/www.yerri.es\/wp-content\/uploads\/sites\/63\/2021\/12\/paisaje.png","contentUrl":"http:\/\/www.yerri.es\/wp-content\/uploads\/sites\/63\/2021\/12\/paisaje.png"},{"@type":"BreadcrumbList","@id":"http:\/\/www.guesalaz.es\/eu\/zunbeltz-espacio-test-agrario\/convocatorias\/#breadcrumb","itemListElement":[{"@type":"ListItem","position":1,"name":"Portada","item":"http:\/\/www.guesalaz.es\/eu\/"},{"@type":"ListItem","position":2,"name":"Zunbeltz Espacio Test Agrario","item":"http:\/\/www.guesalaz.es\/eu\/zunbeltz-espacio-test-agrario\/"},{"@type":"ListItem","position":3,"name":"Convocatorias"}]},{"@type":"WebSite","@id":"http:\/\/www.guesalaz.es\/eu\/#website","url":"http:\/\/www.guesalaz.es\/eu\/","name":"Ayuntamiento de Gues\u00e1laz \/ Gesalatzeko Udala","description":"Gesalatzeko Udala","potentialAction":[{"@type":"SearchAction","target":{"@type":"EntryPoint","urlTemplate":"http:\/\/www.guesalaz.es\/eu\/?s={search_term_string}"},"query-input":{"@type":"PropertyValueSpecification","valueRequired":true,"valueName":"search_term_string"}}],"inLanguage":"eu-ES"}]}},"_links":{"self":[{"href":"http:\/\/www.guesalaz.es\/eu\/wp-json\/wp\/v2\/pages\/9193","targetHints":{"allow":["GET"]}}],"collection":[{"href":"http:\/\/www.guesalaz.es\/eu\/wp-json\/wp\/v2\/pages"}],"about":[{"href":"http:\/\/www.guesalaz.es\/eu\/wp-json\/wp\/v2\/types\/page"}],"author":[{"embeddable":true,"href":"http:\/\/www.guesalaz.es\/eu\/wp-json\/wp\/v2\/users\/19114"}],"replies":[{"embeddable":true,"href":"http:\/\/www.guesalaz.es\/eu\/wp-json\/wp\/v2\/comments?post=9193"}],"version-history":[{"count":3,"href":"http:\/\/www.guesalaz.es\/eu\/wp-json\/wp\/v2\/pages\/9193\/revisions"}],"predecessor-version":[{"id":9199,"href":"http:\/\/www.guesalaz.es\/eu\/wp-json\/wp\/v2\/pages\/9193\/revisions\/9199"}],"up":[{"embeddable":true,"href":"http:\/\/www.guesalaz.es\/eu\/wp-json\/wp\/v2\/pages\/9171"}],"wp:attachment":[{"href":"http:\/\/www.guesalaz.es\/eu\/wp-json\/wp\/v2\/media?parent=9193"}],"curies":[{"name":"wp","href":"https:\/\/api.w.org\/{rel}","templated":true}]}}