{"id":9,"date":"2014-10-23T10:38:39","date_gmt":"2014-10-23T10:38:39","guid":{"rendered":"http:\/\/www.guesalaz.es\/?page_id=9"},"modified":"2023-10-09T08:45:20","modified_gmt":"2023-10-09T06:45:20","slug":"guesalaz","status":"publish","type":"page","link":"http:\/\/www.guesalaz.es\/eu\/guesalaz\/","title":{"rendered":"Gesalatz"},"content":{"rendered":"<p><\/p>\n<h2 style=\"text-align: justify\">Alkatearen Agurra<\/h2>\n<p style=\"text-align: justify\">Gesalatz ibarreko alkate gisa, gonbitea luzatzen dizut gure weborria bisitatzeko.<\/p>\n<p>Haran eder eta zabal hau 15 herrik osatzen dute, mendi handientsu eta berdeek besarkatzen dute eta erdian urdin turkesa koloreko urtegia du, Salado eta Ubagua ibaiek elikatuta.<\/p>\n<p>Bertan topatu eta disfrutatu ahal ditugu harrizko etxetzar ederrak, gurutzadurak, baselizak, garbitokiak, zubiak eta xendrak, den-dena historiaz blai eginda. Hala nola turismo-azpiegitura itzelak: kanpinak, bela, sagardotegia, gaztandegia, e.a. Eta, nola ez, Biguriako Jauregia, balio ukaezina duena, eta Henri Lenaerts Museoa.<\/p>\n<p>Amaitzeko, bertako herritarrak ezagutzera gonbidatzen zaituztet, beren harana maite duten horiek, ibarrarekiko maitasuna adierazten dakitenak eta baita bertako herritar eta bisitari guztiekiko maitasuna.<\/p>\n<h2 style=\"text-align: justify\">Udal antolaketa<\/h2>\n<table style=\"width: 667px\" border=\"1\" summary=\"Udalbatza osatzen duten pertsonen izen-abizen, kargua eta udal taldea azaltzen duen taula\">\n<caption>UDALBATZA<\/caption>\n<thead>\n<tr>\n<th id=\"c950\" style=\"width: 120px\">Kargua<\/th>\n<th id=\"c951\" style=\"width: 232px\">Izen-abizenak<\/th>\n<th id=\"c952\" style=\"width: 315px\">Alderdi Politikoa<\/th>\n<\/tr>\n<\/thead>\n<tbody>\n<tr>\n<td style=\"width: 120px\" headers=\"c950\">Alkatea<\/td>\n<td style=\"width: 232px\" headers=\"c951\">Juan Antonio Urra Caro<\/td>\n<td style=\"width: 315px\" headers=\"c952\">Agrupacion Independiente Guesalaz \/ Gesalazko talde Independientea<\/td>\n<\/tr>\n<tr>\n<td style=\"width: 120px\" headers=\"c950\">Zinegotzia<\/td>\n<td style=\"width: 232px\" headers=\"c951\">Juan Jos\u00e9 Garc\u00eda Gonz\u00e1lez<\/td>\n<td style=\"width: 315px\" headers=\"c952\">Guesalaz por sus pueblos\/Herrien Alde<\/td>\n<\/tr>\n<tr>\n<td style=\"width: 120px\" headers=\"c950\">Zinegotzia<\/td>\n<td style=\"width: 232px\" headers=\"c951\">Nerea Basterra Igea<\/td>\n<td style=\"width: 315px\" headers=\"c952\">Guesalaz por sus pueblos\/Herrien Alde<\/td>\n<\/tr>\n<tr>\n<td style=\"width: 120px\" headers=\"c950\">Zinegotzia<\/td>\n<td style=\"width: 232px\" headers=\"c951\">Pedro Jose Soto Eguren<\/td>\n<td style=\"width: 315px\" headers=\"c952\">Guesalaz por sus pueblos\/Herrien Alde<\/td>\n<\/tr>\n<tr>\n<td style=\"width: 120px\" headers=\"c950\">Zinegotzia<\/td>\n<td style=\"width: 232px\" headers=\"c951\">Raquel Mu\u00f1oz Lamoneda<\/td>\n<td style=\"width: 315px\" headers=\"c952\">Vive Guesalaz\/ Guesalaz bizi<\/td>\n<\/tr>\n<tr>\n<td style=\"width: 120px\" headers=\"c950\">Zinegotzia<\/td>\n<td style=\"width: 232px\" headers=\"c951\">Asier Alcasena Vizcar<\/td>\n<td style=\"width: 315px\" headers=\"c952\">Agrupacion Independiente Guesalaz \/ Gesalazko talde Independientea<\/td>\n<\/tr>\n<tr>\n<td style=\"width: 120px\" headers=\"c950\">Zinegotzia<\/td>\n<td style=\"width: 232px\" headers=\"c951\">Jose Antonio Zudaire Escobar<\/td>\n<td style=\"width: 315px\" headers=\"c952\">Agrupacion Independiente Guesalaz \/ Gesalazko talde Independientea<\/td>\n<\/tr>\n<tr>\n<td style=\"width: 120px\" headers=\"c950\">Idazkaria<\/td>\n<td style=\"width: 232px\" headers=\"c951\">Maria Belen Portillo Ochoa de Zabalegui<\/td>\n<td style=\"width: 315px\" headers=\"c952\"><\/td>\n<\/tr>\n<\/tbody>\n<\/table>\n<h2>Gaurkotasuna<\/h2>\n<ul>\n<li><a href=\"http:\/\/www.guesalaz.es\/wp-content\/uploads\/sites\/91\/2014\/10\/registro-fincas.pdf\" class=\"mtli_attachment mtli_pdf\">registro fincas<\/a><\/li>\n<li><a href=\"http:\/\/www.guesalaz.es\/wp-content\/uploads\/sites\/91\/2014\/10\/Parking-Lerate.pdf\" class=\"mtli_attachment mtli_pdf\">Parking Lerate<\/a><\/li>\n<li><a href=\"http:\/\/www.guesalaz.es\/wp-content\/uploads\/sites\/91\/2014\/10\/no-respetan-la-nueva-normativa-del-pantano-de-Alloz.pdf\" class=\"mtli_attachment mtli_pdf\">no respetan la nueva normativa del pantano de Alloz<\/a><\/li>\n<li><a href=\"http:\/\/www.guesalaz.es\/wp-content\/uploads\/sites\/91\/2014\/10\/Los-veh\u00edculos-que-accedan-a-Alloz-pagar\u00e1n-2.pdf\" class=\"mtli_attachment mtli_pdf\">Los veh\u00edculos que accedan a Alloz pagar\u00e1n 2<\/a><\/li>\n<li><a href=\"http:\/\/www.guesalaz.es\/wp-content\/uploads\/sites\/91\/2014\/10\/jornadas-de-ocio.pdf\" class=\"mtli_attachment mtli_pdf\">jornadas de ocio<\/a><\/li>\n<li><a href=\"http:\/\/www.guesalaz.es\/wp-content\/uploads\/sites\/91\/2014\/10\/INAGURACION.pdf\" class=\"mtli_attachment mtli_pdf\">INAGURACION<\/a><\/li>\n<li><a href=\"http:\/\/www.guesalaz.es\/wp-content\/uploads\/sites\/91\/2014\/10\/Gues\u00e1laz-completa-las-instalaciones-deportivas-con-un-centro-de-reuni\u00f3n.pdf\" class=\"mtli_attachment mtli_pdf\">Gues\u00e1laz completa las instalaciones deportivas con un centro de reuni\u00f3n<\/a><\/li>\n<li><a href=\"http:\/\/www.guesalaz.es\/wp-content\/uploads\/sites\/91\/2014\/10\/Garisoain-estrena-front\u00f3n-cubierto.pdf\" class=\"mtli_attachment mtli_pdf\">Garisoain estrena front\u00f3n cubierto<\/a><\/li>\n<li><a href=\"http:\/\/www.guesalaz.es\/wp-content\/uploads\/sites\/91\/2014\/10\/desfile.pdf\" class=\"mtli_attachment mtli_pdf\">desfIle<\/a><\/li>\n<li><a href=\"http:\/\/www.guesalaz.es\/wp-content\/uploads\/sites\/91\/2014\/10\/prensa.doc\" class=\"mtli_attachment mtli_doc\">INVITACION A ASISTIR A LA FIESTA DEL VALLE 2017<\/a><\/li>\n<\/ul>\n<h2 style=\"text-align: justify\">Zergadunaren egutegia<\/h2>\n<table style=\"height: 569px\" border=\"1\" summary=\"Zerga mota eta ordainketa bakarra azaltzen duen taula\" width=\"603\">\n<thead>\n<tr style=\"height: 41px\">\n<th id=\"c770\" style=\"height: 41px\">Kontzeptua<\/th>\n<th id=\"c771\" style=\"height: 41px\">Ordainketa Bakarra<\/th>\n<\/tr>\n<\/thead>\n<tbody>\n<tr style=\"height: 34px\">\n<td style=\"height: 34px\" headers=\"c770\">Ibilgailuen Zirkulazio Zerga<\/td>\n<td style=\"height: 34px\" headers=\"c771\">Martxoaren 15<\/td>\n<\/tr>\n<tr style=\"height: 25px\">\n<td style=\"height: 25px\" headers=\"c770\">Kontribuzioa<\/td>\n<td style=\"height: 25px\" headers=\"c771\">Irailaren 15<\/td>\n<\/tr>\n<tr style=\"height: 38px\">\n<td style=\"height: 38px\" headers=\"c770\">Jarduera Ekonomikoen Zerga<\/td>\n<td style=\"height: 38px\" headers=\"c771\">Urriaren 15<\/td>\n<\/tr>\n<\/tbody>\n<\/table>\n<h2 style=\"text-align: justify\">Dokumentu ereduak<\/h2>\n<p><a href=\"http:\/\/www.guesalaz.es\/wp-content\/uploads\/sites\/91\/2014\/10\/instancia_general.pdf\" class=\"mtli_attachment mtli_pdf\">Instantzia orokorra<\/a><\/p>","protected":false},"excerpt":{"rendered":"<p>Alkatearen Agurra Gesalatz ibarreko alkate gisa, gonbitea luzatzen dizut gure weborria bisitatzeko. Haran eder eta zabal hau 15 herrik osatzen dute, mendi handientsu eta berdeek besarkatzen dute eta erdian urdin turkesa koloreko urtegia du, Salado eta Ubagua ibaiek elikatuta. Bertan&hellip; <\/p>\n","protected":false},"author":267,"featured_media":68,"parent":0,"menu_order":32,"comment_status":"closed","ping_status":"closed","template":"","meta":{"_monsterinsights_skip_tracking":false,"_monsterinsights_sitenote_active":false,"_monsterinsights_sitenote_note":"","_monsterinsights_sitenote_category":0,"footnotes":""},"class_list":["post-9","page","type-page","status-publish","has-post-thumbnail","hentry"],"yoast_head":"<!-- This site is optimized with the Yoast SEO plugin v26.8 - https:\/\/yoast.com\/product\/yoast-seo-wordpress\/ -->\r\n<title>Gesalatz - Ayuntamiento de Gues\u00e1laz \/ Gesalatzeko Udala<\/title>\r\n<meta name=\"robots\" content=\"index, follow, max-snippet:-1, max-image-preview:large, max-video-preview:-1\" \/>\r\n<link rel=\"canonical\" href=\"http:\/\/www.guesalaz.es\/eu\/guesalaz\/\" \/>\r\n<meta property=\"og:locale\" content=\"eu_ES\" \/>\r\n<meta property=\"og:type\" content=\"article\" \/>\r\n<meta property=\"og:title\" content=\"Gesalatz - Ayuntamiento de Gues\u00e1laz \/ Gesalatzeko Udala\" \/>\r\n<meta property=\"og:description\" content=\"Alkatearen Agurra Gesalatz ibarreko alkate gisa, gonbitea luzatzen dizut gure weborria bisitatzeko. Haran eder eta zabal hau 15 herrik osatzen dute, mendi handientsu eta berdeek besarkatzen dute eta erdian urdin turkesa koloreko urtegia du, Salado eta Ubagua ibaiek elikatuta. Bertan&hellip;\" \/>\r\n<meta property=\"og:url\" content=\"http:\/\/www.guesalaz.es\/eu\/guesalaz\/\" \/>\r\n<meta property=\"og:site_name\" content=\"Ayuntamiento de Gues\u00e1laz \/ Gesalatzeko Udala\" \/>\r\n<meta property=\"article:modified_time\" content=\"2023-10-09T06:45:20+00:00\" \/>\r\n<meta property=\"og:image\" content=\"http:\/\/www.guesalaz.es\/wp-content\/uploads\/sites\/91\/2014\/10\/slider1.png\" \/>\r\n\t<meta property=\"og:image:width\" content=\"1117\" \/>\r\n\t<meta property=\"og:image:height\" content=\"274\" \/>\r\n\t<meta property=\"og:image:type\" content=\"image\/png\" \/>\r\n<meta name=\"twitter:card\" content=\"summary_large_image\" \/>\r\n<meta name=\"twitter:label1\" content=\"Est. reading time\" \/>\n\t<meta name=\"twitter:data1\" content=\"2 minutes\" \/>\r\n<script type=\"application\/ld+json\" class=\"yoast-schema-graph\">{\"@context\":\"https:\/\/schema.org\",\"@graph\":[{\"@type\":\"WebPage\",\"@id\":\"http:\/\/www.guesalaz.es\/eu\/guesalaz\/\",\"url\":\"http:\/\/www.guesalaz.es\/eu\/guesalaz\/\",\"name\":\"Gesalatz - Ayuntamiento de Gues\u00e1laz \/ Gesalatzeko Udala\",\"isPartOf\":{\"@id\":\"http:\/\/www.guesalaz.es\/eu\/#website\"},\"primaryImageOfPage\":{\"@id\":\"http:\/\/www.guesalaz.es\/eu\/guesalaz\/#primaryimage\"},\"image\":{\"@id\":\"http:\/\/www.guesalaz.es\/guesalaz\/#primaryimage\"},\"thumbnailUrl\":\"http:\/\/www.guesalaz.es\/wp-content\/uploads\/sites\/91\/2014\/10\/slider1.png\",\"datePublished\":\"2014-10-23T10:38:39+00:00\",\"dateModified\":\"2023-10-09T06:45:20+00:00\",\"breadcrumb\":{\"@id\":\"http:\/\/www.guesalaz.es\/eu\/guesalaz\/#breadcrumb\"},\"inLanguage\":\"eu-ES\",\"potentialAction\":[{\"@type\":\"ReadAction\",\"target\":[[\"http:\/\/www.guesalaz.es\/eu\/guesalaz\/\"]]}]},{\"@type\":\"ImageObject\",\"inLanguage\":\"eu-ES\",\"@id\":\"http:\/\/www.guesalaz.es\/eu\/guesalaz\/#primaryimage\",\"url\":\"http:\/\/www.guesalaz.es\/wp-content\/uploads\/sites\/91\/2014\/10\/slider1.png\",\"contentUrl\":\"http:\/\/www.guesalaz.es\/wp-content\/uploads\/sites\/91\/2014\/10\/slider1.png\",\"width\":1117,\"height\":274},{\"@type\":\"BreadcrumbList\",\"@id\":\"http:\/\/www.guesalaz.es\/eu\/guesalaz\/#breadcrumb\",\"itemListElement\":[{\"@type\":\"ListItem\",\"position\":1,\"name\":\"Portada\",\"item\":\"http:\/\/www.guesalaz.es\/eu\/\"},{\"@type\":\"ListItem\",\"position\":2,\"name\":\"Gues\u00e1laz\"}]},{\"@type\":\"WebSite\",\"@id\":\"http:\/\/www.guesalaz.es\/eu\/#website\",\"url\":\"http:\/\/www.guesalaz.es\/eu\/\",\"name\":\"Ayuntamiento de Gues\u00e1laz \/ Gesalatzeko Udala\",\"description\":\"Gesalatzeko Udala\",\"potentialAction\":[{\"@type\":\"SearchAction\",\"target\":{\"@type\":\"EntryPoint\",\"urlTemplate\":\"http:\/\/www.guesalaz.es\/eu\/?s={search_term_string}\"},\"query-input\":{\"@type\":\"PropertyValueSpecification\",\"valueRequired\":true,\"valueName\":\"search_term_string\"}}],\"inLanguage\":\"eu-ES\"}]}<\/script>\r\n<!-- \/ Yoast SEO plugin. -->","yoast_head_json":{"title":"Gesalatz - Ayuntamiento de Gues\u00e1laz \/ Gesalatzeko Udala","robots":{"index":"index","follow":"follow","max-snippet":"max-snippet:-1","max-image-preview":"max-image-preview:large","max-video-preview":"max-video-preview:-1"},"canonical":"http:\/\/www.guesalaz.es\/eu\/guesalaz\/","og_locale":"eu_ES","og_type":"article","og_title":"Gesalatz - Ayuntamiento de Gues\u00e1laz \/ Gesalatzeko Udala","og_description":"Alkatearen Agurra Gesalatz ibarreko alkate gisa, gonbitea luzatzen dizut gure weborria bisitatzeko. Haran eder eta zabal hau 15 herrik osatzen dute, mendi handientsu eta berdeek besarkatzen dute eta erdian urdin turkesa koloreko urtegia du, Salado eta Ubagua ibaiek elikatuta. Bertan&hellip;","og_url":"http:\/\/www.guesalaz.es\/eu\/guesalaz\/","og_site_name":"Ayuntamiento de Gues\u00e1laz \/ Gesalatzeko Udala","article_modified_time":"2023-10-09T06:45:20+00:00","og_image":[{"width":1117,"height":274,"url":"http:\/\/www.guesalaz.es\/wp-content\/uploads\/sites\/91\/2014\/10\/slider1.png","type":"image\/png"}],"twitter_card":"summary_large_image","twitter_misc":{"Est. reading time":"2 minutes"},"schema":{"@context":"https:\/\/schema.org","@graph":[{"@type":"WebPage","@id":"http:\/\/www.guesalaz.es\/eu\/guesalaz\/","url":"http:\/\/www.guesalaz.es\/eu\/guesalaz\/","name":"Gesalatz - Ayuntamiento de Gues\u00e1laz \/ Gesalatzeko Udala","isPartOf":{"@id":"http:\/\/www.guesalaz.es\/eu\/#website"},"primaryImageOfPage":{"@id":"http:\/\/www.guesalaz.es\/eu\/guesalaz\/#primaryimage"},"image":{"@id":"http:\/\/www.guesalaz.es\/guesalaz\/#primaryimage"},"thumbnailUrl":"http:\/\/www.guesalaz.es\/wp-content\/uploads\/sites\/91\/2014\/10\/slider1.png","datePublished":"2014-10-23T10:38:39+00:00","dateModified":"2023-10-09T06:45:20+00:00","breadcrumb":{"@id":"http:\/\/www.guesalaz.es\/eu\/guesalaz\/#breadcrumb"},"inLanguage":"eu-ES","potentialAction":[{"@type":"ReadAction","target":[["http:\/\/www.guesalaz.es\/eu\/guesalaz\/"]]}]},{"@type":"ImageObject","inLanguage":"eu-ES","@id":"http:\/\/www.guesalaz.es\/eu\/guesalaz\/#primaryimage","url":"http:\/\/www.guesalaz.es\/wp-content\/uploads\/sites\/91\/2014\/10\/slider1.png","contentUrl":"http:\/\/www.guesalaz.es\/wp-content\/uploads\/sites\/91\/2014\/10\/slider1.png","width":1117,"height":274},{"@type":"BreadcrumbList","@id":"http:\/\/www.guesalaz.es\/eu\/guesalaz\/#breadcrumb","itemListElement":[{"@type":"ListItem","position":1,"name":"Portada","item":"http:\/\/www.guesalaz.es\/eu\/"},{"@type":"ListItem","position":2,"name":"Gues\u00e1laz"}]},{"@type":"WebSite","@id":"http:\/\/www.guesalaz.es\/eu\/#website","url":"http:\/\/www.guesalaz.es\/eu\/","name":"Ayuntamiento de Gues\u00e1laz \/ Gesalatzeko Udala","description":"Gesalatzeko Udala","potentialAction":[{"@type":"SearchAction","target":{"@type":"EntryPoint","urlTemplate":"http:\/\/www.guesalaz.es\/eu\/?s={search_term_string}"},"query-input":{"@type":"PropertyValueSpecification","valueRequired":true,"valueName":"search_term_string"}}],"inLanguage":"eu-ES"}]}},"_links":{"self":[{"href":"http:\/\/www.guesalaz.es\/eu\/wp-json\/wp\/v2\/pages\/9","targetHints":{"allow":["GET"]}}],"collection":[{"href":"http:\/\/www.guesalaz.es\/eu\/wp-json\/wp\/v2\/pages"}],"about":[{"href":"http:\/\/www.guesalaz.es\/eu\/wp-json\/wp\/v2\/types\/page"}],"author":[{"embeddable":true,"href":"http:\/\/www.guesalaz.es\/eu\/wp-json\/wp\/v2\/users\/267"}],"replies":[{"embeddable":true,"href":"http:\/\/www.guesalaz.es\/eu\/wp-json\/wp\/v2\/comments?post=9"}],"version-history":[{"count":30,"href":"http:\/\/www.guesalaz.es\/eu\/wp-json\/wp\/v2\/pages\/9\/revisions"}],"predecessor-version":[{"id":9921,"href":"http:\/\/www.guesalaz.es\/eu\/wp-json\/wp\/v2\/pages\/9\/revisions\/9921"}],"wp:featuredmedia":[{"embeddable":true,"href":"http:\/\/www.guesalaz.es\/eu\/wp-json\/wp\/v2\/media\/68"}],"wp:attachment":[{"href":"http:\/\/www.guesalaz.es\/eu\/wp-json\/wp\/v2\/media?parent=9"}],"curies":[{"name":"wp","href":"https:\/\/api.w.org\/{rel}","templated":true}]}}