{"id":7485,"date":"2018-01-31T10:58:39","date_gmt":"2018-01-31T10:58:39","guid":{"rendered":"https:\/\/www.guesalaz.es\/?page_id=7485"},"modified":"2023-10-16T13:27:39","modified_gmt":"2023-10-16T11:27:39","slug":"corporacion-municipal-2","status":"publish","type":"page","link":"http:\/\/www.guesalaz.es\/eu\/guesalaz\/corporacion-municipal-2\/","title":{"rendered":"UDALBATZA"},"content":{"rendered":"<p><\/p>\n<h2 style=\"text-align: justify\">Udalbatza<\/h2>\n<table style=\"width: 632px;height: 261px\" border=\"1\" summary=\"Descripci\u00f3n del nombre, cargo y partido pol\u00edtico de los componentes de la Corporaci\u00f3n Municipal\">\n<thead>\n<tr style=\"height: 24px\">\n<th id=\"c1910\" style=\"width: 109px;height: 24px\">Kargua<\/th>\n<th id=\"c1911\" style=\"width: 210px;height: 24px\">Izen-abizenak<\/th>\n<th id=\"c1912\" style=\"width: 277px;height: 24px\">Alderdia<\/th>\n<\/tr>\n<\/thead>\n<tbody>\n<tr style=\"height: 48px\">\n<td style=\"width: 109px;height: 48px\" headers=\"c1910\">Alkatea<\/td>\n<td style=\"width: 210px;height: 48px\" headers=\"c1911\">Juan Antonio Urra Caro<\/td>\n<td style=\"width: 277px;height: 48px\" headers=\"c1912\">Agrupaci\u00f3n Independiente Guesalaz \/ Gesalazko talde Independientea<\/td>\n<\/tr>\n<tr style=\"height: 24px\">\n<td style=\"width: 109px;height: 24px\" headers=\"c1910\">Zinegotzia<\/td>\n<td style=\"width: 210px;height: 24px\" headers=\"c1911\">Juan Jose Garcia Gonzalez<\/td>\n<td style=\"width: 277px;height: 24px\" headers=\"c1912\">Guesalaz por sus pueblos\/Herrien Alde<\/td>\n<\/tr>\n<tr style=\"height: 24px\">\n<td style=\"width: 109px;height: 24px\" headers=\"c1910\">Zinegotzia<\/td>\n<td style=\"width: 210px;height: 24px\" headers=\"c1911\">Nerea Basterra Igea<\/td>\n<td style=\"width: 277px;height: 24px\" headers=\"c1912\">Guesalaz por sus pueblos\/Herrien Alde<\/td>\n<\/tr>\n<tr style=\"height: 24px\">\n<td style=\"width: 109px;height: 24px\" headers=\"c1910\">Zinegotzia<\/td>\n<td style=\"width: 210px;height: 24px\" headers=\"c1911\">Pedro Jose Soto Eguren<\/td>\n<td style=\"width: 277px;height: 24px\" headers=\"c1912\">Guesalaz por sus pueblos\/Herrien Alde<\/td>\n<\/tr>\n<tr style=\"height: 24px\">\n<td style=\"width: 109px;height: 24px\" headers=\"c1910\">Zinegotzia<\/td>\n<td style=\"width: 210px;height: 24px\" headers=\"c1911\">Raquel Mu\u00f1oz Lamoneda<\/td>\n<td style=\"width: 277px;height: 24px\" headers=\"c1912\">Vive Guesalaz\/ Gesalatz bizi<\/td>\n<\/tr>\n<tr style=\"height: 21px\">\n<td style=\"width: 109px;height: 21px\" headers=\"c1910\">Zinegotzia<\/td>\n<td style=\"width: 210px;height: 21px\" headers=\"c1911\">Asier Alcasena Vizcar<\/td>\n<td style=\"width: 277px;height: 21px\" headers=\"c1912\">Agrupaci\u00f3n Independiente Guesalaz \/ Gesalazko talde Independientea<\/td>\n<\/tr>\n<tr style=\"height: 24px\">\n<td style=\"width: 109px;height: 24px\" headers=\"c1910\">Zinegotzia<\/td>\n<td style=\"width: 210px;height: 24px\" headers=\"c1911\">Jose Antonio Zudaire Escobar<\/td>\n<td style=\"width: 277px;height: 24px\" headers=\"c1912\">Agrupaci\u00f3n Independiente Guesalaz \/ Gesalazko talde Independientea<\/td>\n<\/tr>\n<tr style=\"height: 48px\">\n<td style=\"width: 109px;height: 48px\" headers=\"c1910\">Idazkaria<\/td>\n<td style=\"width: 210px;height: 48px\" headers=\"c1911\">Mar\u00eda Bel\u00e9n Portillo Ochoa de Zabalegui<\/td>\n<td style=\"width: 277px;height: 48px\" headers=\"c1912\"><\/td>\n<\/tr>\n<\/tbody>\n<\/table>\n<p><\/p>","protected":false},"excerpt":{"rendered":"<p>Udalbatza Kargua Izen-abizenak Alderdia Alkatea Juan Antonio Urra Caro Agrupaci\u00f3n Independiente Guesalaz \/ Gesalazko talde Independientea Zinegotzia Juan Jose Garcia Gonzalez Guesalaz por sus pueblos\/Herrien Alde Zinegotzia Nerea Basterra Igea Guesalaz por sus pueblos\/Herrien Alde Zinegotzia Pedro Jose Soto Eguren&hellip; <\/p>\n","protected":false},"author":267,"featured_media":0,"parent":9,"menu_order":23,"comment_status":"closed","ping_status":"closed","template":"","meta":{"_monsterinsights_skip_tracking":false,"_monsterinsights_sitenote_active":false,"_monsterinsights_sitenote_note":"","_monsterinsights_sitenote_category":0,"footnotes":""},"class_list":["post-7485","page","type-page","status-publish","hentry"],"yoast_head":"<!-- This site is optimized with the Yoast SEO plugin v26.8 - https:\/\/yoast.com\/product\/yoast-seo-wordpress\/ -->\r\n<title>UDALBATZA - Ayuntamiento de Gues\u00e1laz \/ Gesalatzeko Udala<\/title>\r\n<meta name=\"robots\" content=\"index, follow, max-snippet:-1, max-image-preview:large, max-video-preview:-1\" \/>\r\n<link rel=\"canonical\" href=\"http:\/\/www.guesalaz.es\/eu\/guesalaz\/corporacion-municipal-2\/\" \/>\r\n<meta property=\"og:locale\" content=\"eu_ES\" \/>\r\n<meta property=\"og:type\" content=\"article\" \/>\r\n<meta property=\"og:title\" content=\"UDALBATZA - Ayuntamiento de Gues\u00e1laz \/ Gesalatzeko Udala\" \/>\r\n<meta property=\"og:description\" content=\"Udalbatza Kargua Izen-abizenak Alderdia Alkatea Juan Antonio Urra Caro Agrupaci\u00f3n Independiente Guesalaz \/ Gesalazko talde Independientea Zinegotzia Juan Jose Garcia Gonzalez Guesalaz por sus pueblos\/Herrien Alde Zinegotzia Nerea Basterra Igea Guesalaz por sus pueblos\/Herrien Alde Zinegotzia Pedro Jose Soto Eguren&hellip;\" \/>\r\n<meta property=\"og:url\" content=\"http:\/\/www.guesalaz.es\/eu\/guesalaz\/corporacion-municipal-2\/\" \/>\r\n<meta property=\"og:site_name\" content=\"Ayuntamiento de Gues\u00e1laz \/ Gesalatzeko Udala\" \/>\r\n<meta property=\"article:modified_time\" content=\"2023-10-16T11:27:39+00:00\" \/>\r\n<meta name=\"twitter:card\" content=\"summary_large_image\" \/>\r\n<meta name=\"twitter:label1\" content=\"Est. reading time\" \/>\n\t<meta name=\"twitter:data1\" content=\"1 minute\" \/>\r\n<script type=\"application\/ld+json\" class=\"yoast-schema-graph\">{\"@context\":\"https:\/\/schema.org\",\"@graph\":[{\"@type\":\"WebPage\",\"@id\":\"http:\/\/www.guesalaz.es\/eu\/guesalaz\/corporacion-municipal-2\/\",\"url\":\"http:\/\/www.guesalaz.es\/eu\/guesalaz\/corporacion-municipal-2\/\",\"name\":\"UDALBATZA - Ayuntamiento de Gues\u00e1laz \/ Gesalatzeko Udala\",\"isPartOf\":{\"@id\":\"http:\/\/www.guesalaz.es\/eu\/#website\"},\"datePublished\":\"2018-01-31T10:58:39+00:00\",\"dateModified\":\"2023-10-16T11:27:39+00:00\",\"breadcrumb\":{\"@id\":\"http:\/\/www.guesalaz.es\/eu\/guesalaz\/corporacion-municipal-2\/#breadcrumb\"},\"inLanguage\":\"eu-ES\",\"potentialAction\":[{\"@type\":\"ReadAction\",\"target\":[[\"http:\/\/www.guesalaz.es\/eu\/guesalaz\/corporacion-municipal-2\/\"]]}]},{\"@type\":\"BreadcrumbList\",\"@id\":\"http:\/\/www.guesalaz.es\/eu\/guesalaz\/corporacion-municipal-2\/#breadcrumb\",\"itemListElement\":[{\"@type\":\"ListItem\",\"position\":1,\"name\":\"Portada\",\"item\":\"http:\/\/www.guesalaz.es\/eu\/\"},{\"@type\":\"ListItem\",\"position\":2,\"name\":\"Gues\u00e1laz\",\"item\":\"http:\/\/www.guesalaz.es\/eu\/guesalaz\/\"},{\"@type\":\"ListItem\",\"position\":3,\"name\":\"CORPORACI\u00d3N MUNICIPAL\"}]},{\"@type\":\"WebSite\",\"@id\":\"http:\/\/www.guesalaz.es\/eu\/#website\",\"url\":\"http:\/\/www.guesalaz.es\/eu\/\",\"name\":\"Ayuntamiento de Gues\u00e1laz \/ Gesalatzeko Udala\",\"description\":\"Gesalatzeko Udala\",\"potentialAction\":[{\"@type\":\"SearchAction\",\"target\":{\"@type\":\"EntryPoint\",\"urlTemplate\":\"http:\/\/www.guesalaz.es\/eu\/?s={search_term_string}\"},\"query-input\":{\"@type\":\"PropertyValueSpecification\",\"valueRequired\":true,\"valueName\":\"search_term_string\"}}],\"inLanguage\":\"eu-ES\"}]}<\/script>\r\n<!-- \/ Yoast SEO plugin. -->","yoast_head_json":{"title":"UDALBATZA - Ayuntamiento de Gues\u00e1laz \/ Gesalatzeko Udala","robots":{"index":"index","follow":"follow","max-snippet":"max-snippet:-1","max-image-preview":"max-image-preview:large","max-video-preview":"max-video-preview:-1"},"canonical":"http:\/\/www.guesalaz.es\/eu\/guesalaz\/corporacion-municipal-2\/","og_locale":"eu_ES","og_type":"article","og_title":"UDALBATZA - Ayuntamiento de Gues\u00e1laz \/ Gesalatzeko Udala","og_description":"Udalbatza Kargua Izen-abizenak Alderdia Alkatea Juan Antonio Urra Caro Agrupaci\u00f3n Independiente Guesalaz \/ Gesalazko talde Independientea Zinegotzia Juan Jose Garcia Gonzalez Guesalaz por sus pueblos\/Herrien Alde Zinegotzia Nerea Basterra Igea Guesalaz por sus pueblos\/Herrien Alde Zinegotzia Pedro Jose Soto Eguren&hellip;","og_url":"http:\/\/www.guesalaz.es\/eu\/guesalaz\/corporacion-municipal-2\/","og_site_name":"Ayuntamiento de Gues\u00e1laz \/ Gesalatzeko Udala","article_modified_time":"2023-10-16T11:27:39+00:00","twitter_card":"summary_large_image","twitter_misc":{"Est. reading time":"1 minute"},"schema":{"@context":"https:\/\/schema.org","@graph":[{"@type":"WebPage","@id":"http:\/\/www.guesalaz.es\/eu\/guesalaz\/corporacion-municipal-2\/","url":"http:\/\/www.guesalaz.es\/eu\/guesalaz\/corporacion-municipal-2\/","name":"UDALBATZA - Ayuntamiento de Gues\u00e1laz \/ Gesalatzeko Udala","isPartOf":{"@id":"http:\/\/www.guesalaz.es\/eu\/#website"},"datePublished":"2018-01-31T10:58:39+00:00","dateModified":"2023-10-16T11:27:39+00:00","breadcrumb":{"@id":"http:\/\/www.guesalaz.es\/eu\/guesalaz\/corporacion-municipal-2\/#breadcrumb"},"inLanguage":"eu-ES","potentialAction":[{"@type":"ReadAction","target":[["http:\/\/www.guesalaz.es\/eu\/guesalaz\/corporacion-municipal-2\/"]]}]},{"@type":"BreadcrumbList","@id":"http:\/\/www.guesalaz.es\/eu\/guesalaz\/corporacion-municipal-2\/#breadcrumb","itemListElement":[{"@type":"ListItem","position":1,"name":"Portada","item":"http:\/\/www.guesalaz.es\/eu\/"},{"@type":"ListItem","position":2,"name":"Gues\u00e1laz","item":"http:\/\/www.guesalaz.es\/eu\/guesalaz\/"},{"@type":"ListItem","position":3,"name":"CORPORACI\u00d3N MUNICIPAL"}]},{"@type":"WebSite","@id":"http:\/\/www.guesalaz.es\/eu\/#website","url":"http:\/\/www.guesalaz.es\/eu\/","name":"Ayuntamiento de Gues\u00e1laz \/ Gesalatzeko Udala","description":"Gesalatzeko Udala","potentialAction":[{"@type":"SearchAction","target":{"@type":"EntryPoint","urlTemplate":"http:\/\/www.guesalaz.es\/eu\/?s={search_term_string}"},"query-input":{"@type":"PropertyValueSpecification","valueRequired":true,"valueName":"search_term_string"}}],"inLanguage":"eu-ES"}]}},"_links":{"self":[{"href":"http:\/\/www.guesalaz.es\/eu\/wp-json\/wp\/v2\/pages\/7485","targetHints":{"allow":["GET"]}}],"collection":[{"href":"http:\/\/www.guesalaz.es\/eu\/wp-json\/wp\/v2\/pages"}],"about":[{"href":"http:\/\/www.guesalaz.es\/eu\/wp-json\/wp\/v2\/types\/page"}],"author":[{"embeddable":true,"href":"http:\/\/www.guesalaz.es\/eu\/wp-json\/wp\/v2\/users\/267"}],"replies":[{"embeddable":true,"href":"http:\/\/www.guesalaz.es\/eu\/wp-json\/wp\/v2\/comments?post=7485"}],"version-history":[{"count":6,"href":"http:\/\/www.guesalaz.es\/eu\/wp-json\/wp\/v2\/pages\/7485\/revisions"}],"predecessor-version":[{"id":9923,"href":"http:\/\/www.guesalaz.es\/eu\/wp-json\/wp\/v2\/pages\/7485\/revisions\/9923"}],"up":[{"embeddable":true,"href":"http:\/\/www.guesalaz.es\/eu\/wp-json\/wp\/v2\/pages\/9"}],"wp:attachment":[{"href":"http:\/\/www.guesalaz.es\/eu\/wp-json\/wp\/v2\/media?parent=7485"}],"curies":[{"name":"wp","href":"https:\/\/api.w.org\/{rel}","templated":true}]}}