{"id":33,"date":"2014-10-24T06:25:55","date_gmt":"2014-10-24T06:25:55","guid":{"rendered":"http:\/\/www.guesalaz.es\/?page_id=33"},"modified":"2018-06-27T13:00:47","modified_gmt":"2018-06-27T11:00:47","slug":"visitanos","status":"publish","type":"page","link":"http:\/\/www.guesalaz.es\/eu\/visitanos\/","title":{"rendered":"Bisitatu"},"content":{"rendered":"<p><\/p>\n<h2>Nola iritsi<\/h2>\n<p style=\"text-align: center\"><a href=\"http:\/\/www.guesalaz.es\/wp-content\/uploads\/sites\/91\/2014\/10\/navarra_eu.gif\"><img loading=\"lazy\" decoding=\"async\" class=\"alignnone size-full wp-image-35\" src=\"http:\/\/www.guesalaz.es\/wp-content\/uploads\/sites\/91\/2014\/10\/navarra_eu.gif\" alt=\"navarra_eu\" width=\"279\" height=\"300\" \/><\/a> <a href=\"http:\/\/www.guesalaz.es\/wp-content\/uploads\/sites\/91\/2014\/10\/carreteras.gif\"><img loading=\"lazy\" decoding=\"async\" class=\"alignnone size-full wp-image-34\" src=\"http:\/\/www.guesalaz.es\/wp-content\/uploads\/sites\/91\/2014\/10\/carreteras.gif\" alt=\"carreteras\" width=\"279\" height=\"300\" \/><\/a><\/p>\n<ul>\n<li style=\"text-align: justify\">Iru\u00f1etik Etxauriko mendatea igarota, NA-700.<\/li>\n<li style=\"text-align: justify\">Garesetik NA-7040.<\/li>\n<li style=\"text-align: justify\">Lizarratik, Abartzuza eta Aritzala igaro eta NA-700a hartu.<\/li>\n<li style=\"text-align: justify\">A-12tik 31. irteera hartu eta jarraian NA-7171.<\/li>\n<\/ul>\n<h6 style=\"text-align: justify\"><\/h6>\n<h6 style=\"text-align: justify\"><a href=\"http:\/\/www.tierrasdeiranzu.com\/\"><img loading=\"lazy\" decoding=\"async\" class=\"alignnone size-full wp-image-7411\" src=\"http:\/\/www.guesalaz.es\/wp-content\/uploads\/sites\/91\/2016\/11\/turismo-rural-navarra-logo-tierras-iranzu.png\" alt=\"\" width=\"201\" height=\"147\" \/><\/a><\/h6>\n<p style=\"text-align: justify\">Estellerriko mendialdeko udalerriek (Ab\u00e1rzuza\/Abartzuza, Lezaun,\u00a0Salinas de Oro\/Jaitz,\u00a0Valle de Yerri\/Deierri y\u00a0Valle de Gues\u00e1laz\/Gesalatz Ibarra) bertako 49 saltoki pribatuekin batera, 2006. urtean &#8220;Tierras de Irantzuko lurrak&#8221; Elkarte Turistikoa sortu zuten. Eskualdeko baliabide turistikoak sustatu eta erregulatzeko helburuarekin.<\/p>\n<p style=\"text-align: justify\">Burutu diren ekimenen artean, Irantzu Monasterioan (Abartzuzatik 3 kilometrora) ireki den informazio gunea dugu. Informazio gunea, eskualdeko informazioa eskaintzeko zegoen hutsunea betetzeko eratu zen eta era honetan bisitariei eskualdeko baliabideen informazioa eskaini ahal izateko.<\/p>\n<p style=\"text-align: justify\">Informazio gunea udan eta zenbait zubitan irekitzen da. Harremanetan jartzeko telefonoa 646 18 52 64 da edo bestela:<\/p>\n<ul>\n<li><strong>Eposta:<\/strong> <a title=\"Abrir\u00e1 su cliente de correo predeterminado\" href=\"mailto:info@tierrasdeiranzu.com\" target=\"_blank\">info@tierrasdeiranzu.com<\/a><\/li>\n<li><strong>Telefonoa:<\/strong> 646 18 52 64.<\/li>\n<li><strong>Web orria:<\/strong> <a href=\"http:\/\/www.tierrasdeiranzu.com\/p\/eu\/hasiera.php\">http:\/\/www.tierrasdeiranzu.com\/p\/eu\/hasiera.php<\/a><\/li>\n<li><strong>Helbidea:<\/strong> Kale Berria 22 p.k. 31177 Aritzala (NAFARROA).<\/li>\n<\/ul>\n<h2 style=\"text-align: justify\">Non jan eta non lo egin<\/h2>\n<p style=\"text-align: center\"><strong>\u201cEL MESON\u201d TABERNA, GESALAZKO KIROLDEGIA<\/strong><\/p>\n<p>Menuak, plater konbinatuak, ogitartekoak, frijituak&#8230;<\/p>\n<p><strong>Telefonoa:<\/strong>\u00a0636071584<\/p>\n<p style=\"text-align: center\"><strong>ARITZALEKU KANPINA<\/strong><\/p>\n<p><strong>Helbidea:<\/strong>\u00a0p.k. 31291 Lerate (NAFARROA)<\/p>\n<p><strong>Telefonoa:<\/strong>\u00a0948 39 50 64<\/p>\n<p><strong>Web orria:<\/strong> <a href=\"https:\/\/www.aritzaleku.com\/eu\/\">https:\/\/www.aritzaleku.com\/eu\/<\/a><\/p>\n<hr \/>\n<p style=\"text-align: center\"><strong>BURUBE ETXEA LANDA ETXEA<\/strong><\/p>\n<p><strong>Helbidea:<\/strong>\u00a0p.k. 31175 Muniain &#8211; Gesalatz (NAFARROA)<\/p>\n<p><strong>Telefonoa:<\/strong>\u00a0948 16 34 65 \/ 647 02 15 03<\/p>\n<p><strong>Web orria:<\/strong> <a href=\"http:\/\/www.casasruralesnavarra.com\/casas-rurales-muniain-de-guesalaz\/burube-etxea.html\">http:\/\/www.casasruralesnavarra.com\/casas-rurales-muniain-de-guesalaz\/burube-etxea.html<\/a><\/p>\n<p style=\"text-align: center\"><strong>IRIGOIEN LANDA ETXEA<\/strong><\/p>\n<p><strong>Helbidea:<\/strong>\u00a0p.k. 31176 Muetz (NAFARROA)<\/p>\n<p><strong>Telefonoa:<\/strong>\u00a0948 35 71 27 \/ 660 75 85 56<\/p>\n<p><strong>Web orria:<\/strong>\u00a0<a title=\"Lehio berri batean irekiko da\" href=\"http:\/\/www.irigoien.com\/\">http:\/\/www.irigoien.com<\/a><\/p>\n<hr \/>\n<p style=\"text-align: center\"><strong>NABARRO ETXEA LANDA ETXEA<\/strong><\/p>\n<p><strong>Helbidea:<\/strong>\u00a0p.k. 31176 Iturgoien (NAFARROA)<\/p>\n<p><strong>Telefonoa:<\/strong>\u00a0948 35 71 03 \/ 619 40 23 84<\/p>\n<p><strong>Web orria:<\/strong>\u00a0<a title=\"Lehio berri batean irekiko da\" href=\"http:\/\/www.casanabarro.com\/\">http:\/\/www.casanabarro.com<\/a><\/p>\n<hr \/>\n<p style=\"text-align: center\"><strong>\u00a0<\/strong><\/p>\n<hr \/>\n<p style=\"text-align: center\"><strong>URRARENA LANDA ETXEA<\/strong><\/p>\n<p><strong>Helbidea:<\/strong>\u00a0p.k. 31291 Muzki (NAFARROA)<\/p>\n<p><strong>Telefonoa:<\/strong>\u00a0948 39 04 45 \/ 699 00 24 85<\/p>\n<p><strong>Web orria:<\/strong> <a href=\"http:\/\/www.tierrasdeiranzu.com\/p\/eu\/mapa-elkarreragilea\/ostatuak\/urrarena-landa-etxea-muzki.php\">http:\/\/www.tierrasdeiranzu.com\/p\/eu\/mapa-elkarreragilea\/ostatuak\/urrarena-landa-etxea-muzki.php<\/a><\/p>\n<h2>Jaiak eta ohiturak<\/h2>\n<p style=\"text-align: justify\"><!--StartFragment--><a style=\"font-size: 14px\" href=\"http:\/\/www.guesalaz.es\/wp-content\/uploads\/sites\/91\/2014\/10\/PIC_0036.jpg\"><img loading=\"lazy\" decoding=\"async\" class=\"size-full wp-image-36 alignright\" src=\"http:\/\/www.guesalaz.es\/wp-content\/uploads\/sites\/91\/2014\/10\/PIC_0036.jpg\" alt=\"DIGITAL CAMERA\" width=\"145\" height=\"109\" \/><\/a><!--EndFragment-->Kontzeju bakoitzak bere zaindariaren omenezko jaiak data ezberdinetan ospatzen ditu, normalean udan ospatzen dira, nahiz eta <strong>Ibarreko jaia<\/strong> urtero herri batean ospatzen den. Ekitaldi honetarako kontzeju antolatzailearen monumenturen bat berreskuratzen da, azken urte hauetan zehazki antzinako ikuztegiak berreskuratu dira: Gembe, Izurtzu edo Argi\u00f1aokoak.<\/p>\n<p style=\"text-align: justify\"><strong>Kontzejuetako Zaindariaren jaiak<\/strong> uztaila eta abuztuko hilabeteetan izaten dira normalean, eskualdean jende gehiago dagoela probestuz.<\/p>\n<table border=\"1\" cellspacing=\"0\" cellpadding=\"0\">\n<tbody>\n<tr>\n<td valign=\"top\" width=\"186\"><strong>ARGI\u00d1AO<\/strong><\/td>\n<td valign=\"top\" width=\"385\">Urriko lehen igandean<\/td>\n<\/tr>\n<tr>\n<td valign=\"top\" width=\"186\"><strong>ARZOTZ<\/strong><\/td>\n<td valign=\"top\" width=\"385\">\n<p>Festak ekaineko hirugarren asteburuan.<\/p>\n<p>Gurutze Sainduko baselizara erromeria, ekainaren 19 aldera, zaindariaren festekin batera.<\/td>\n<\/tr>\n<tr>\n<td valign=\"top\" width=\"186\"><strong>ESTENOTZ<\/strong><\/td>\n<td valign=\"top\" width=\"385\">Azaroko lehen edo bigarren asteburuan.<\/td>\n<\/tr>\n<tr>\n<td valign=\"top\" width=\"186\"><strong>GARISOAIN<\/strong><\/td>\n<td valign=\"top\" width=\"385\">\n<p>Festak iraileko lehen asteburuan.<\/p>\n<p>Pilar Birjinaren baselizara erromeria urriaren 12an.<\/td>\n<\/tr>\n<tr>\n<td valign=\"top\" width=\"186\"><strong>GENBE<\/strong><\/td>\n<td valign=\"top\" width=\"385\">Festak ekaineko bigarren asteburuan, igandean erromeria San Antonio baselizara.<\/td>\n<\/tr>\n<tr>\n<td valign=\"top\" width=\"186\"><strong>IRUXO<\/strong><\/td>\n<td valign=\"top\" width=\"385\">Uztailak 2<\/td>\n<\/tr>\n<tr>\n<td valign=\"top\" width=\"186\"><strong>IRURRE<\/strong><\/td>\n<td valign=\"top\" width=\"385\">\n<p>Jasokunde festak abuztuaren 15ean.<\/p>\n<p>Abenduaren 15ean Santa Luzia.<\/td>\n<\/tr>\n<tr>\n<td valign=\"top\" width=\"186\"><strong>ITURGOIEN<\/strong><\/td>\n<td valign=\"top\" width=\"385\">\n<p>Festak Aste Santutik 50 egunera ospatzen dira.<\/p>\n<p>Andra Mari baselizara erromeria maiatzeko lehen igandean.<\/p>\n<p>Pentekostes festak. Pentekostes ondoko lehen astean Trinitatearen baselizara igotzen da..<\/p>\n<p>Trinitateko kofradiaren festa, Trinitatera igo eta 15 egunetara.<\/p>\n<p>Erromeria San\u00a0Adrian baselizara, maiatzaren 16tik gertuen dagoen asteburuan. <a title=\"fiesta de San Adrian\" href=\"http:\/\/www.sasua.net\/estella\/articulo.asp?f=sanjuan3\" target=\"_blank\">San Adrian Festa.<\/a><\/p>\n<p>Abuztuak 16 San Roque.<\/p>\n<p>Trinitatetik jaitsiera, abuztuko azken igandean.<\/p>\n<p>San Millanera erromeria azaroaren 12tik gertuen dagoen asteburuan.<\/td>\n<\/tr>\n<tr>\n<td valign=\"top\" width=\"186\"><strong>IZURTZU<\/strong><\/td>\n<td valign=\"top\" width=\"385\">Festak iraileko hirugarren larunbatean<\/td>\n<\/tr>\n<tr>\n<td valign=\"top\" width=\"186\"><strong>LERATE<\/strong><\/td>\n<td valign=\"top\" width=\"385\">\n<p>Festak ekainaren 29tik gertuen dagoen asteburuan.<\/p>\n<p>Done Petri Martiri baselizara erromeria apirilaren 29tik gertuen dagoen larunbatean.<\/td>\n<\/tr>\n<tr>\n<td valign=\"top\" width=\"186\"><strong>MUETZ<\/strong><\/td>\n<td valign=\"top\" width=\"385\">\n<p>Abuztuaren 23tik gertuen dagoen asteburuan (Limako Santa Rosa)<\/p>\n<p>Sagrarioren Birjina baselizara erromeria maiatzaren 1ean.<\/p>\n<p>Festa txikiak abenduaren 10etik gertuen dagoen asteburuan.<\/td>\n<\/tr>\n<tr>\n<td valign=\"top\" width=\"186\"><strong>MUNIAIN GESALATZ<\/strong><\/td>\n<td valign=\"top\" width=\"385\">FestaK azaroaren 25etik gertuen dagoen asteburuan, Santa Katalina.<\/td>\n<\/tr>\n<tr>\n<td valign=\"top\" width=\"186\"><strong>MUZKI<\/strong><\/td>\n<td valign=\"top\" width=\"385\">Festak San Isidrotik gertuen dagoen asteburuan (maiatzak 15).<\/td>\n<\/tr>\n<tr>\n<td valign=\"top\" width=\"186\"><strong>BIDAURRE<\/strong><\/td>\n<td valign=\"top\" width=\"385\">\n<p>Donibane eta Don Paulo baselizetara erromeria (maiatzak 1).<\/p>\n<p>Festak, Donejakue ospakizunaren aurreko asteburuan.<\/td>\n<\/tr>\n<tr>\n<td valign=\"top\" width=\"186\"><strong>BIGURIA<\/strong><\/td>\n<td valign=\"top\" width=\"385\">Maiatzak 7<\/td>\n<\/tr>\n<tr>\n<td valign=\"top\" width=\"186\"><strong>GESALATZ IBARREK JAIA<\/strong><\/td>\n<td valign=\"top\" width=\"385\"><strong>ABUZTUAREN 26AREN ETA IRAILAREN 1AREN ARTEKO LARUNBATA (BIAK BARNE)<\/strong><\/td>\n<\/tr>\n<\/tbody>\n<\/table>\n<p><a href=\"http:\/\/www.guesalaz.es\/wp-content\/uploads\/sites\/91\/2014\/10\/Dialnet-AspectosEtnograficosDeLoFestivoEnElValleDeGuesalaz-46028061.pdf\" class=\"mtli_attachment mtli_pdf\">CUADERNOS DE ETNOLOG\u00cdA Y ETNOGRAF\u00cdA DE NAVARRA. ASPECTOS. ETNOGR\u00c1FICOS DE LO FESTIVO EN EL VALLE DE GUES\u00c1LAZ Y SALINAS DE ORO.<\/a><\/p>\n<h2 style=\"text-align: justify\">Zer bisitatu<\/h2>\n<p style=\"text-align: justify\"><strong>IBILALDIAK NATURAN<br \/>\n<\/strong><\/p>\n<p style=\"text-align: justify\">Gesalazko ibarrean eremuko bide asko ditu, egokiak oinez, txirrindulaz edo zaldiz egiteko. Mendizaleentzako hainbat ibilbide daude bertako paisaia ederrak ezagutzeko. Hemen hauetako zenbait:<\/p>\n<p><a href=\"http:\/\/www.guesalaz.es\/wp-content\/uploads\/sites\/91\/2014\/10\/paseos.jpg\"><img loading=\"lazy\" decoding=\"async\" class=\"size-full wp-image-41 alignleft\" src=\"http:\/\/www.guesalaz.es\/wp-content\/uploads\/sites\/91\/2014\/10\/paseos.jpg\" alt=\"OLYMPUS DIGITAL CAMERA\" width=\"145\" height=\"109\" \/><\/a><\/p>\n<ul style=\"text-align: justify\">\n<li>Muniaingo Gurutze Sainduko baselizara igo.<\/li>\n<li>Ibilbidea Buron eta Lezaiako sakanetan, Genben, edo Otsanzulokoan (edo &#8220;del Infierno&#8221;), Argi\u00f1ao eta Iturgoien artean.<\/li>\n<li>Igoera Iturgoiengo Trinitatera.<\/li>\n<li>Igoera Esparatzera, Arzotzetik.<\/li>\n<li>\u00a0Artesara, Elimendira igoera Argi\u00f1ao edo Bidaurretik.<\/li>\n<li>\u00a0Urbasa-Andiako Parke Naturalean mendi-ibiliak.(<a href=\"http:\/\/www.parquedeurbasa.es\/\"><span style=\"text-decoration: underline\">www.parquedeurbasa.es<\/span><\/a>)<\/li>\n<\/ul>\n<p style=\"text-align: justify\"><strong>ALLOZKO URTEGIA<br \/>\n<\/strong><\/p>\n<p><a href=\"http:\/\/www.guesalaz.es\/wp-content\/uploads\/sites\/91\/2014\/10\/EmbalseAlloz.jpg\"><img loading=\"lazy\" decoding=\"async\" class=\"size-full wp-image-39 alignright\" src=\"http:\/\/www.guesalaz.es\/wp-content\/uploads\/sites\/91\/2014\/10\/EmbalseAlloz.jpg\" alt=\"EmbalseAlloz\" width=\"145\" height=\"109\" \/><\/a><\/p>\n<p style=\"text-align: justify\"><strong>Allozko urtegia<\/strong> Salado eta Ubagua ibaiek elikatuta ur-itsasoa dugu, ameztiek, larreek, sasiek eta pinuek inguratuta. Aparteko lekua urteko sasoi orotan, baina udan bereziki. Honen ur urdinxka freskagarrietan bainatzea, zuhaitzen baten azpian atseden hartzea edo ontzian nabigatzea ditugu naturgune honen zenbait aukera.<\/p>\n<p style=\"text-align: justify\">Nafarroako Bela Eskola urtegi-ertzean dugu eta hainbat jarduera eta ikastaro eskaintzen dizkio kirol hau praktikatu eta ikasi nahi dutenei (<a href=\"http:\/\/www.escuelanavarradevela.com\/\"><span style=\"text-decoration: underline\">www.escuelanavarradevela.com<\/span><\/a>).<\/p>\n<p style=\"text-align: justify\"><strong>BIGURIAKO JAUREGIA (BIGURIA)<br \/>\n<\/strong><\/p>\n<p>Biguria herrian kokatua (Gesalatz Ibarra), Estenotz eta Arzotz iparraldean, 580 metroko altueran. Iru\u00f1atik 31 kilometrotara eta Lizarratik 21 kilometrotara dago.<\/p>\n<p style=\"text-align: justify\">Eraikuntza monumentala, Monte Hermoso Markesen jauregia izenarekin ezagutua, etxaurre nagusian harlanduzko murruak ditu eta beste zonaldeetan silarrixka ageri da. XVII mende erdialdean datatua dago.<\/p>\n<p style=\"text-align: justify\">Etxaurrea, bi gorputz eta atiko batez osatua, bi dorre kubikoen artean agertzen da, parametro zabal horizontala dauka eta oraindik ere herreriar estiloko apainduren urritasuna agertzen duelarik, soilik baoetan orejeta moduko enmarkea dauka. Erdialdeko zonaldean, nahiz eta ardatz nagusitik desbideratua egon, atari dinteldua ageri da, orbeleko giltzarria dauka pilastra landatuekin, kapitela izan beharrean, armarriek larruzko kartela bihurrituak eta yelmoa daukate. Honen gainean balkoia dago, dinteldua eta antzinako forjaz egina etxeko beste bao batzuk bezela.<\/p>\n<p style=\"text-align: justify\"><!--StartFragment--><a href=\"http:\/\/www.guesalaz.es\/wp-content\/uploads\/sites\/91\/2014\/10\/VG2.jpg\"><img loading=\"lazy\" decoding=\"async\" class=\"size-full wp-image-29 alignleft\" src=\"http:\/\/www.guesalaz.es\/wp-content\/uploads\/sites\/91\/2014\/10\/VG2.jpg\" alt=\"\" width=\"145\" height=\"109\" \/><\/a><!--EndFragment-->Erremate modura armarria dago, Santiagoko Gurutzearen gainean; azpialdean lehoi baten burua dauka, larruzko kartel bihurrituak, hostotza orlada batekin eta tinbre batek irekitzen dituen koroa ageri da bi hegaztien artean ageri dena. Armarria laurdendua da, lehen laurdenean zortzi puntako izarra agertzen da eta honako inskripzioa: &#8220;Firmamente&#8221;; bigarren laurdenean, era berean, laurdendua ere, lehoi eta gaztelu errepikatuak txandakatzen dira eta laugarren laurdenean aldiz, banda moduko bat agertzen da, bihotza armarritxoa zortzi zintekin. Armarriaren goiko zonaldean honako legenda agertzen da: Cisneros.<\/p>\n<p style=\"text-align: justify\">Etxaurreko erdigunea, egurrezko teilatu-hegal bikoitz batekin bukatzen da, garaiko moda ziren mentsula tailatuak ageri direlarik.<\/p>\n<p style=\"text-align: justify\">Garai horretako beste etxaurreek ez dute interesik, salbuespen modura atzekaldekoa litzateke atari dinteldua irekitzen da, zortzi bandetako armarriarekin, XVI. mendean datatu daitekeena.<\/p>\n<p style=\"text-align: justify\">Kontserbazio-egoera: gaur egun abandonatua dago. Jabeak eskaintza batzuk izan dituen arren, oraindik ez da saldu. Geroz eta hondatuagoa dago, zonalde askotan sabaia erorita dago.<\/p>\n<p style=\"text-align: justify\">Bisita: eraikuntza oso interesgarria. Merindadeko arkitektura zibileko eraikuntza esanguratsu eta bikainena. Jauregira sartzea arriskutsua da.<\/p>\n<p style=\"text-align: justify\">Historia: jauregi hau Nafarroako noblezian antzinatasun handiena duena da. Biguriako jaunak etxe honetarako pribilegio aunitz lortu zituen, horrela, 1601ean, Biguriako Antsok lortu zuen jauregi hau kuartel salbuespena izatea. Beranduago, jauregia Montehermoso Markesen esku gelditu zen, 1761 urtean jabetza zuten jada.<\/p>\n<p style=\"text-align: justify\">\u00a0 (<a title=\"PALACIO DE VIGURIA\" href=\"http:\/\/www.sasua.net\/estella\/articulo.asp?f=viguria\">http:\/\/www.sasua.net\/estella\/articulo.asp?f=viguria<\/a>)<\/p>\n<p style=\"text-align: justify\"><strong>HENRI LENAERTS MUSEOA<br \/>\n<\/strong><\/p>\n<p style=\"text-align: justify\">Fundazioak, Paulette Garinen eskuzabaltasunari esker, Lenaertsen bikotekidea, egoitza du Irurren (Nafarroa). Balio handiko egoitza da hau, dituen sinbolismo, material eta objektuengatik. 1971tik Henriren bizitzaren erdigune, ikerketa leku eta tailerra izan zen.<\/p>\n<p><a href=\"http:\/\/www.guesalaz.es\/wp-content\/uploads\/sites\/91\/2014\/10\/CANSANCIO.jpg\"><img loading=\"lazy\" decoding=\"async\" class=\"size-full wp-image-38 alignleft\" src=\"http:\/\/www.guesalaz.es\/wp-content\/uploads\/sites\/91\/2014\/10\/CANSANCIO.jpg\" alt=\"CANSANCIO\" width=\"149\" height=\"141\" \/><\/a><\/p>\n<p style=\"text-align: justify\">Bertan hautematen da artistaren sormena inguratzen duenaren zentzua, honen giroa, esperientziak, dokumentazioa, bere liburuak, bozetoak, asko eta asko berezko lanak eta beste batzuk bizitzan zehar erostiakoak.\u00a0\u00a0\u00a0\u00a0(<a title=\"henrilenaertsfundacion\" href=\"http:\/\/www.henrilenaertsfundacion.com\/\" target=\"_blank\">http:\/\/www.henrilenaertsfundacion.com<\/a>)<\/p>\n<p><\/p>","protected":false},"excerpt":{"rendered":"<p>Nola iritsi Iru\u00f1etik Etxauriko mendatea igarota, NA-700. Garesetik NA-7040. Lizarratik, Abartzuza eta Aritzala igaro eta NA-700a hartu. A-12tik 31. irteera hartu eta jarraian NA-7171. Estellerriko mendialdeko udalerriek (Ab\u00e1rzuza\/Abartzuza, Lezaun,\u00a0Salinas de Oro\/Jaitz,\u00a0Valle de Yerri\/Deierri y\u00a0Valle de Gues\u00e1laz\/Gesalatz Ibarra) bertako 49 saltoki&hellip; <\/p>\n","protected":false},"author":267,"featured_media":69,"parent":0,"menu_order":59,"comment_status":"closed","ping_status":"closed","template":"","meta":{"_monsterinsights_skip_tracking":false,"_monsterinsights_sitenote_active":false,"_monsterinsights_sitenote_note":"","_monsterinsights_sitenote_category":0,"footnotes":""},"class_list":["post-33","page","type-page","status-publish","has-post-thumbnail","hentry"],"yoast_head":"<!-- This site is optimized with the Yoast SEO plugin v26.8 - https:\/\/yoast.com\/product\/yoast-seo-wordpress\/ -->\r\n<title>Bisitatu - Ayuntamiento de Gues\u00e1laz \/ Gesalatzeko Udala<\/title>\r\n<meta name=\"robots\" content=\"index, follow, max-snippet:-1, max-image-preview:large, max-video-preview:-1\" \/>\r\n<link rel=\"canonical\" href=\"http:\/\/www.guesalaz.es\/eu\/visitanos\/\" \/>\r\n<meta property=\"og:locale\" content=\"eu_ES\" \/>\r\n<meta property=\"og:type\" content=\"article\" \/>\r\n<meta property=\"og:title\" content=\"Bisitatu - Ayuntamiento de Gues\u00e1laz \/ Gesalatzeko Udala\" \/>\r\n<meta property=\"og:description\" content=\"Nola iritsi Iru\u00f1etik Etxauriko mendatea igarota, NA-700. Garesetik NA-7040. Lizarratik, Abartzuza eta Aritzala igaro eta NA-700a hartu. A-12tik 31. irteera hartu eta jarraian NA-7171. Estellerriko mendialdeko udalerriek (Ab\u00e1rzuza\/Abartzuza, Lezaun,\u00a0Salinas de Oro\/Jaitz,\u00a0Valle de Yerri\/Deierri y\u00a0Valle de Gues\u00e1laz\/Gesalatz Ibarra) bertako 49 saltoki&hellip;\" \/>\r\n<meta property=\"og:url\" content=\"http:\/\/www.guesalaz.es\/eu\/visitanos\/\" \/>\r\n<meta property=\"og:site_name\" content=\"Ayuntamiento de Gues\u00e1laz \/ Gesalatzeko Udala\" \/>\r\n<meta property=\"article:modified_time\" content=\"2018-06-27T11:00:47+00:00\" \/>\r\n<meta property=\"og:image\" content=\"http:\/\/www.guesalaz.es\/wp-content\/uploads\/sites\/91\/2014\/10\/slider2.png\" \/>\r\n\t<meta property=\"og:image:width\" content=\"1117\" \/>\r\n\t<meta property=\"og:image:height\" content=\"274\" \/>\r\n\t<meta property=\"og:image:type\" content=\"image\/png\" \/>\r\n<meta name=\"twitter:card\" content=\"summary_large_image\" \/>\r\n<meta name=\"twitter:label1\" content=\"Est. reading time\" \/>\n\t<meta name=\"twitter:data1\" content=\"13 minutes\" \/>\r\n<script type=\"application\/ld+json\" class=\"yoast-schema-graph\">{\"@context\":\"https:\/\/schema.org\",\"@graph\":[{\"@type\":\"WebPage\",\"@id\":\"http:\/\/www.guesalaz.es\/eu\/visitanos\/\",\"url\":\"http:\/\/www.guesalaz.es\/eu\/visitanos\/\",\"name\":\"Bisitatu - Ayuntamiento de Gues\u00e1laz \/ Gesalatzeko Udala\",\"isPartOf\":{\"@id\":\"http:\/\/www.guesalaz.es\/eu\/#website\"},\"primaryImageOfPage\":{\"@id\":\"http:\/\/www.guesalaz.es\/eu\/visitanos\/#primaryimage\"},\"image\":{\"@id\":\"http:\/\/www.guesalaz.es\/visitanos\/#primaryimage\"},\"thumbnailUrl\":\"http:\/\/www.guesalaz.es\/wp-content\/uploads\/sites\/91\/2014\/10\/slider2.png\",\"datePublished\":\"2014-10-24T06:25:55+00:00\",\"dateModified\":\"2018-06-27T11:00:47+00:00\",\"breadcrumb\":{\"@id\":\"http:\/\/www.guesalaz.es\/eu\/visitanos\/#breadcrumb\"},\"inLanguage\":\"eu-ES\",\"potentialAction\":[{\"@type\":\"ReadAction\",\"target\":[[\"http:\/\/www.guesalaz.es\/eu\/visitanos\/\"]]}]},{\"@type\":\"ImageObject\",\"inLanguage\":\"eu-ES\",\"@id\":\"http:\/\/www.guesalaz.es\/eu\/visitanos\/#primaryimage\",\"url\":\"http:\/\/www.guesalaz.es\/wp-content\/uploads\/sites\/91\/2014\/10\/slider2.png\",\"contentUrl\":\"http:\/\/www.guesalaz.es\/wp-content\/uploads\/sites\/91\/2014\/10\/slider2.png\",\"width\":1117,\"height\":274},{\"@type\":\"BreadcrumbList\",\"@id\":\"http:\/\/www.guesalaz.es\/eu\/visitanos\/#breadcrumb\",\"itemListElement\":[{\"@type\":\"ListItem\",\"position\":1,\"name\":\"Portada\",\"item\":\"http:\/\/www.guesalaz.es\/eu\/\"},{\"@type\":\"ListItem\",\"position\":2,\"name\":\"Vis\u00edtanos\"}]},{\"@type\":\"WebSite\",\"@id\":\"http:\/\/www.guesalaz.es\/eu\/#website\",\"url\":\"http:\/\/www.guesalaz.es\/eu\/\",\"name\":\"Ayuntamiento de Gues\u00e1laz \/ Gesalatzeko Udala\",\"description\":\"Gesalatzeko Udala\",\"potentialAction\":[{\"@type\":\"SearchAction\",\"target\":{\"@type\":\"EntryPoint\",\"urlTemplate\":\"http:\/\/www.guesalaz.es\/eu\/?s={search_term_string}\"},\"query-input\":{\"@type\":\"PropertyValueSpecification\",\"valueRequired\":true,\"valueName\":\"search_term_string\"}}],\"inLanguage\":\"eu-ES\"}]}<\/script>\r\n<!-- \/ Yoast SEO plugin. -->","yoast_head_json":{"title":"Bisitatu - Ayuntamiento de Gues\u00e1laz \/ Gesalatzeko Udala","robots":{"index":"index","follow":"follow","max-snippet":"max-snippet:-1","max-image-preview":"max-image-preview:large","max-video-preview":"max-video-preview:-1"},"canonical":"http:\/\/www.guesalaz.es\/eu\/visitanos\/","og_locale":"eu_ES","og_type":"article","og_title":"Bisitatu - Ayuntamiento de Gues\u00e1laz \/ Gesalatzeko Udala","og_description":"Nola iritsi Iru\u00f1etik Etxauriko mendatea igarota, NA-700. Garesetik NA-7040. Lizarratik, Abartzuza eta Aritzala igaro eta NA-700a hartu. A-12tik 31. irteera hartu eta jarraian NA-7171. Estellerriko mendialdeko udalerriek (Ab\u00e1rzuza\/Abartzuza, Lezaun,\u00a0Salinas de Oro\/Jaitz,\u00a0Valle de Yerri\/Deierri y\u00a0Valle de Gues\u00e1laz\/Gesalatz Ibarra) bertako 49 saltoki&hellip;","og_url":"http:\/\/www.guesalaz.es\/eu\/visitanos\/","og_site_name":"Ayuntamiento de Gues\u00e1laz \/ Gesalatzeko Udala","article_modified_time":"2018-06-27T11:00:47+00:00","og_image":[{"width":1117,"height":274,"url":"http:\/\/www.guesalaz.es\/wp-content\/uploads\/sites\/91\/2014\/10\/slider2.png","type":"image\/png"}],"twitter_card":"summary_large_image","twitter_misc":{"Est. reading time":"13 minutes"},"schema":{"@context":"https:\/\/schema.org","@graph":[{"@type":"WebPage","@id":"http:\/\/www.guesalaz.es\/eu\/visitanos\/","url":"http:\/\/www.guesalaz.es\/eu\/visitanos\/","name":"Bisitatu - Ayuntamiento de Gues\u00e1laz \/ Gesalatzeko Udala","isPartOf":{"@id":"http:\/\/www.guesalaz.es\/eu\/#website"},"primaryImageOfPage":{"@id":"http:\/\/www.guesalaz.es\/eu\/visitanos\/#primaryimage"},"image":{"@id":"http:\/\/www.guesalaz.es\/visitanos\/#primaryimage"},"thumbnailUrl":"http:\/\/www.guesalaz.es\/wp-content\/uploads\/sites\/91\/2014\/10\/slider2.png","datePublished":"2014-10-24T06:25:55+00:00","dateModified":"2018-06-27T11:00:47+00:00","breadcrumb":{"@id":"http:\/\/www.guesalaz.es\/eu\/visitanos\/#breadcrumb"},"inLanguage":"eu-ES","potentialAction":[{"@type":"ReadAction","target":[["http:\/\/www.guesalaz.es\/eu\/visitanos\/"]]}]},{"@type":"ImageObject","inLanguage":"eu-ES","@id":"http:\/\/www.guesalaz.es\/eu\/visitanos\/#primaryimage","url":"http:\/\/www.guesalaz.es\/wp-content\/uploads\/sites\/91\/2014\/10\/slider2.png","contentUrl":"http:\/\/www.guesalaz.es\/wp-content\/uploads\/sites\/91\/2014\/10\/slider2.png","width":1117,"height":274},{"@type":"BreadcrumbList","@id":"http:\/\/www.guesalaz.es\/eu\/visitanos\/#breadcrumb","itemListElement":[{"@type":"ListItem","position":1,"name":"Portada","item":"http:\/\/www.guesalaz.es\/eu\/"},{"@type":"ListItem","position":2,"name":"Vis\u00edtanos"}]},{"@type":"WebSite","@id":"http:\/\/www.guesalaz.es\/eu\/#website","url":"http:\/\/www.guesalaz.es\/eu\/","name":"Ayuntamiento de Gues\u00e1laz \/ Gesalatzeko Udala","description":"Gesalatzeko Udala","potentialAction":[{"@type":"SearchAction","target":{"@type":"EntryPoint","urlTemplate":"http:\/\/www.guesalaz.es\/eu\/?s={search_term_string}"},"query-input":{"@type":"PropertyValueSpecification","valueRequired":true,"valueName":"search_term_string"}}],"inLanguage":"eu-ES"}]}},"_links":{"self":[{"href":"http:\/\/www.guesalaz.es\/eu\/wp-json\/wp\/v2\/pages\/33","targetHints":{"allow":["GET"]}}],"collection":[{"href":"http:\/\/www.guesalaz.es\/eu\/wp-json\/wp\/v2\/pages"}],"about":[{"href":"http:\/\/www.guesalaz.es\/eu\/wp-json\/wp\/v2\/types\/page"}],"author":[{"embeddable":true,"href":"http:\/\/www.guesalaz.es\/eu\/wp-json\/wp\/v2\/users\/267"}],"replies":[{"embeddable":true,"href":"http:\/\/www.guesalaz.es\/eu\/wp-json\/wp\/v2\/comments?post=33"}],"version-history":[{"count":2,"href":"http:\/\/www.guesalaz.es\/eu\/wp-json\/wp\/v2\/pages\/33\/revisions"}],"predecessor-version":[{"id":7569,"href":"http:\/\/www.guesalaz.es\/eu\/wp-json\/wp\/v2\/pages\/33\/revisions\/7569"}],"wp:featuredmedia":[{"embeddable":true,"href":"http:\/\/www.guesalaz.es\/eu\/wp-json\/wp\/v2\/media\/69"}],"wp:attachment":[{"href":"http:\/\/www.guesalaz.es\/eu\/wp-json\/wp\/v2\/media?parent=33"}],"curies":[{"name":"wp","href":"https:\/\/api.w.org\/{rel}","templated":true}]}}