{"id":10109,"date":"2024-07-05T17:10:24","date_gmt":"2024-07-05T15:10:24","guid":{"rendered":"http:\/\/www.guesalaz.es\/?page_id=10109"},"modified":"2024-09-29T20:54:34","modified_gmt":"2024-09-29T18:54:34","slug":"presupuestos-participativos","status":"publish","type":"page","link":"http:\/\/www.guesalaz.es\/eu\/presupuestos-participativos\/","title":{"rendered":"Aurrekontu parte hartzaileak 2024"},"content":{"rendered":"<p><div style=\"width: 640px;\" class=\"wp-video\"><video class=\"wp-video-shortcode\" id=\"video-10109-2\" width=\"640\" height=\"360\" preload=\"metadata\" controls=\"controls\"><source type=\"video\/mp4\" src=\"https:\/\/www.garrapo.com\/video-participacion-2024.mp4?_=2\" \/><a href=\"https:\/\/www.garrapo.com\/video-participacion-2024.mp4\">https:\/\/www.garrapo.com\/video-participacion-2024.mp4<\/a><\/video><\/div><\/p>\n<p>&nbsp;<\/p>\n<h3 style=\"text-align: center\"><span style=\"color: #008000\"><em><strong><img loading=\"lazy\" decoding=\"async\" class=\"alignnone wp-image-8920\" src=\"http:\/\/www.guesalaz.es\/wp-content\/uploads\/sites\/91\/2021\/06\/banner-participativos.jpg\" alt=\"\" width=\"340\" height=\"159\" srcset=\"http:\/\/www.guesalaz.es\/wp-content\/uploads\/sites\/91\/2021\/06\/banner-participativos.jpg 726w, http:\/\/www.guesalaz.es\/wp-content\/uploads\/sites\/91\/2021\/06\/banner-participativos-300x140.jpg 300w, http:\/\/www.guesalaz.es\/wp-content\/uploads\/sites\/91\/2021\/06\/banner-participativos-600x281.jpg 600w\" sizes=\"auto, (max-width: 340px) 100vw, 340px\" \/><\/strong><\/em><\/span><\/h3>\n<h3 style=\"text-align: center\"><span style=\"color: #008000\"><em><strong>Gesalatzen zeuk erabaki!<\/strong><\/em><\/span><\/h3>\n<h5 style=\"text-align: center\">Gesalatz\/Gues\u00e1laz Ibarrean bizi zareten pertsona guztiei<\/h5>\n<h4><\/h4>\n<h4><span style=\"color: #008000\"><strong>Hemen dira 2024ko aurrekontu parte-hartzaileak<\/strong><\/span><\/h4>\n<p>Partaidetzazko aurrekontuen barruan gauzatu daitezkeen ideiak proposatzeko epea hasi da.<\/p>\n<h4><span style=\"color: #008000\"><strong>Zergatik?<\/strong><\/span><\/h4>\n<p>Harana hobetu eta erakargarriago egingo duten proposamenen diseinuan <strong>aktiboki inplikatzea nahi dugu<\/strong>, eta hori, neurri batean, herritarren proposamenen emaitza izatea, eta horregatik <strong>garrantzitsua da zuk udal aurrekontuaren zati bat erabakitzea<\/strong>.<\/p>\n<h4><span style=\"color: #008000\"><strong>Aurkeztu zure proposamena<\/strong><\/span><\/h4>\n<p>Asmoa da zuek, auzokideek, proposamen bat edo gehiago egin ahal izatea eta udalean aurkeztea.<\/p>\n<p>Aurten, nobedade gisa, <strong>abuztuaren 31ko &#8220;Ibarraren Egunean&#8221;,<\/strong> Iturgoien\/Iturgoyenen, ikusgai egongo diren proposamenak ezagutzeaz gain, gehien gustatzen zaizkizunak <strong>aukeratu ahal izango dituzu<\/strong>. Ezinbestekoa da hiru proposamen aukeratzea.<\/p>\n<p>Beste berritasun bat da Udaletxera edo Ibarraren Egunera botoa ematera joan ezin diren <strong>erroldatutako pertsonek online<\/strong> egin ahal izango dutela.<\/p>\n<p>Herri-balorazioaren\/bozketaren ondoren, hautatutako proposamenak 2025. urtean zehar gauzatuko dira.<\/p>\n<h4><span style=\"color: #008000\"><strong>Gainera, batzordeko kide izan zaitezke!<\/strong><\/span><\/h4>\n<p>Auzotarren parte-hartzea sustatzeko, Batzordeko kide izateko aukera duzu eta prozesu parte-hartzaile honen fase guztien jarraipena egin ahal izango duzu gardentasun osoz. Haraneko edozein pertsonari irekita dago, eta helbide honetara idatzi besterik ez duzu: <a href=\"mailto:participacion@guesalaz.es\"><strong>participacion@guesalaz.es<\/strong><\/a> edo <a href=\"tel:+34690823950\"><strong>690 823 950<\/strong><\/a>\u00a0telefono zenbakira deitu.<\/p>\n<h5 style=\"text-align: center\"><strong>Etorri zaitez batzordearen bileretara eta lagundu zure bailarari!<\/strong><\/h5>\n<p>&nbsp;<\/p>\n<p style=\"text-align: left\"><a href=\"http:\/\/www.guesalaz.es\/wp-content\/uploads\/sites\/91\/2024\/07\/folleto-informativo-2024.pdf\" class=\"mtli_attachment mtli_pdf\" target=\"_blank\" rel=\"noopener\"><img loading=\"lazy\" decoding=\"async\" class=\"alignnone wp-image-8950 size-full\" src=\"http:\/\/www.guesalaz.es\/wp-content\/uploads\/sites\/91\/2021\/07\/boton-folleto-eus.png\" alt=\"\" width=\"231\" height=\"57\" srcset=\"http:\/\/www.guesalaz.es\/wp-content\/uploads\/sites\/91\/2021\/07\/boton-folleto-eus.png 231w, http:\/\/www.guesalaz.es\/wp-content\/uploads\/sites\/91\/2021\/07\/boton-folleto-eus-230x57.png 230w\" sizes=\"auto, (max-width: 231px) 100vw, 231px\" \/><\/a><\/p>\n<p style=\"text-align: left\"><a href=\"http:\/\/www.guesalaz.es\/wp-content\/uploads\/sites\/91\/2024\/07\/bases.pdf\" class=\"mtli_attachment mtli_pdf\" target=\"_blank\" rel=\"noopener\"><img loading=\"lazy\" decoding=\"async\" class=\"alignnone wp-image-8949 size-full\" src=\"http:\/\/www.guesalaz.es\/wp-content\/uploads\/sites\/91\/2021\/07\/boton-bases-eus.png\" alt=\"\" width=\"231\" height=\"57\" srcset=\"http:\/\/www.guesalaz.es\/wp-content\/uploads\/sites\/91\/2021\/07\/boton-bases-eus.png 231w, http:\/\/www.guesalaz.es\/wp-content\/uploads\/sites\/91\/2021\/07\/boton-bases-eus-230x57.png 230w\" sizes=\"auto, (max-width: 231px) 100vw, 231px\" \/><\/a><\/p>\n<p><a href=\"http:\/\/www.guesalaz.es\/eu\/estas-son-las-propuestas-presentadas-a-los-presupuestos-participativos-2024\/\" rel=\"noopener\"><img loading=\"lazy\" decoding=\"async\" class=\"alignnone wp-image-9406 size-full\" src=\"http:\/\/www.guesalaz.es\/wp-content\/uploads\/sites\/91\/2022\/06\/boton-propuestas-eus.png\" alt=\"\" width=\"231\" height=\"57\" \/><\/a><\/p>\n<p><a href=\"http:\/\/www.guesalaz.es\/wp-content\/uploads\/sites\/91\/2024\/09\/resultados-votacion-2024.jpg\" target=\"_blank\" rel=\"noopener\"><img loading=\"lazy\" decoding=\"async\" class=\"alignnone wp-image-9080 size-full\" src=\"http:\/\/www.guesalaz.es\/wp-content\/uploads\/sites\/91\/2021\/09\/resultados-votacion-eus.png\" alt=\"\" width=\"231\" height=\"57\" srcset=\"http:\/\/www.guesalaz.es\/wp-content\/uploads\/sites\/91\/2021\/09\/resultados-votacion-eus.png 231w, http:\/\/www.guesalaz.es\/wp-content\/uploads\/sites\/91\/2021\/09\/resultados-votacion-eus-230x57.png 230w\" sizes=\"auto, (max-width: 231px) 100vw, 231px\" \/><\/a><\/p>\n<p><a href=\"http:\/\/www.guesalaz.es\/wp-content\/uploads\/sites\/91\/2024\/09\/acta-municipal-2024.pdf\" class=\"mtli_attachment mtli_pdf\" target=\"_blank\" rel=\"noopener\"><img loading=\"lazy\" decoding=\"async\" class=\"alignnone wp-image-9078 size-full\" src=\"http:\/\/www.guesalaz.es\/wp-content\/uploads\/sites\/91\/2021\/09\/acta-recuento-eus.png\" alt=\"\" width=\"231\" height=\"57\" srcset=\"http:\/\/www.guesalaz.es\/wp-content\/uploads\/sites\/91\/2021\/09\/acta-recuento-eus.png 231w, http:\/\/www.guesalaz.es\/wp-content\/uploads\/sites\/91\/2021\/09\/acta-recuento-eus-230x57.png 230w\" sizes=\"auto, (max-width: 231px) 100vw, 231px\" \/><\/a><\/p>\n<p><a href=\"http:\/\/www.guesalaz.es\/wp-content\/uploads\/sites\/91\/2024\/07\/resultados-votaciones-anteriores.pdf\" class=\"mtli_attachment mtli_pdf\" target=\"_blank\" rel=\"noopener\"><img loading=\"lazy\" decoding=\"async\" class=\"alignnone wp-image-10113 size-full\" src=\"http:\/\/www.guesalaz.es\/wp-content\/uploads\/sites\/91\/2024\/07\/resultados-anteriores-eus.png\" alt=\"\" width=\"231\" height=\"57\" \/><\/a><\/p>","protected":false},"excerpt":{"rendered":"<p>&nbsp; Gesalatzen zeuk erabaki! Gesalatz\/Gues\u00e1laz Ibarrean bizi zareten pertsona guztiei Hemen dira 2024ko aurrekontu parte-hartzaileak Partaidetzazko aurrekontuen barruan gauzatu daitezkeen ideiak proposatzeko epea hasi da. Zergatik? Harana hobetu eta erakargarriago egingo duten proposamenen diseinuan aktiboki inplikatzea nahi dugu, eta hori,&hellip; <\/p>\n","protected":false},"author":19152,"featured_media":0,"parent":0,"menu_order":0,"comment_status":"closed","ping_status":"closed","template":"","meta":{"_monsterinsights_skip_tracking":false,"_monsterinsights_sitenote_active":false,"_monsterinsights_sitenote_note":"","_monsterinsights_sitenote_category":0,"footnotes":""},"class_list":["post-10109","page","type-page","status-publish","hentry"],"yoast_head":"<!-- This site is optimized with the Yoast SEO plugin v26.8 - https:\/\/yoast.com\/product\/yoast-seo-wordpress\/ -->\r\n<title>Aurrekontu parte hartzaileak 2024 - Ayuntamiento de Gues\u00e1laz \/ Gesalatzeko Udala<\/title>\r\n<meta name=\"description\" content=\"Queremos que te impliques activamente en el dise\u00f1o de propuestas que mejoren y hagan m\u00e1s atractivo al Valle, y que esto sea fruto, en parte, de las propuestas ciudadanas, y por eso es importante que t\u00fa decidas una parte del presupuesto municipal.\" \/>\r\n<meta name=\"robots\" content=\"index, follow, max-snippet:-1, max-image-preview:large, max-video-preview:-1\" \/>\r\n<link rel=\"canonical\" href=\"http:\/\/www.guesalaz.es\/eu\/presupuestos-participativos\/\" \/>\r\n<meta property=\"og:locale\" content=\"eu_ES\" \/>\r\n<meta property=\"og:type\" content=\"article\" \/>\r\n<meta property=\"og:title\" content=\"Aurrekontu parte hartzaileak 2024 - Ayuntamiento de Gues\u00e1laz \/ Gesalatzeko Udala\" \/>\r\n<meta property=\"og:description\" content=\"Queremos que te impliques activamente en el dise\u00f1o de propuestas que mejoren y hagan m\u00e1s atractivo al Valle, y que esto sea fruto, en parte, de las propuestas ciudadanas, y por eso es importante que t\u00fa decidas una parte del presupuesto municipal.\" \/>\r\n<meta property=\"og:url\" content=\"http:\/\/www.guesalaz.es\/eu\/presupuestos-participativos\/\" \/>\r\n<meta property=\"og:site_name\" content=\"Ayuntamiento de Gues\u00e1laz \/ Gesalatzeko Udala\" \/>\r\n<meta property=\"article:modified_time\" content=\"2024-09-29T18:54:34+00:00\" \/>\r\n<meta property=\"og:image\" content=\"http:\/\/www.guesalaz.es\/wp-content\/uploads\/sites\/91\/2021\/06\/banner-participativos.jpg\" \/>\r\n<meta name=\"twitter:card\" content=\"summary_large_image\" \/>\r\n<meta name=\"twitter:label1\" content=\"Est. reading time\" \/>\n\t<meta name=\"twitter:data1\" content=\"3 minutes\" \/>\r\n<script type=\"application\/ld+json\" class=\"yoast-schema-graph\">{\"@context\":\"https:\/\/schema.org\",\"@graph\":[{\"@type\":\"WebPage\",\"@id\":\"http:\/\/www.guesalaz.es\/eu\/presupuestos-participativos\/\",\"url\":\"http:\/\/www.guesalaz.es\/eu\/presupuestos-participativos\/\",\"name\":\"Aurrekontu parte hartzaileak 2024 - Ayuntamiento de Gues\u00e1laz \/ Gesalatzeko Udala\",\"isPartOf\":{\"@id\":\"http:\/\/www.guesalaz.es\/eu\/#website\"},\"primaryImageOfPage\":{\"@id\":\"http:\/\/www.guesalaz.es\/eu\/presupuestos-participativos\/#primaryimage\"},\"image\":{\"@id\":\"http:\/\/www.guesalaz.es\/presupuestos-participativos\/#primaryimage\"},\"thumbnailUrl\":\"http:\/\/www.guesalaz.es\/wp-content\/uploads\/sites\/91\/2021\/06\/banner-participativos.jpg\",\"datePublished\":\"2024-07-05T15:10:24+00:00\",\"dateModified\":\"2024-09-29T18:54:34+00:00\",\"description\":\"Queremos que te impliques activamente en el dise\u00f1o de propuestas que mejoren y hagan m\u00e1s atractivo al Valle, y que esto sea fruto, en parte, de las propuestas ciudadanas, y por eso es importante que t\u00fa decidas una parte del presupuesto municipal.\",\"breadcrumb\":{\"@id\":\"http:\/\/www.guesalaz.es\/eu\/presupuestos-participativos\/#breadcrumb\"},\"inLanguage\":\"eu-ES\",\"potentialAction\":[{\"@type\":\"ReadAction\",\"target\":[[\"http:\/\/www.guesalaz.es\/eu\/presupuestos-participativos\/\"]]}]},{\"@type\":\"ImageObject\",\"inLanguage\":\"eu-ES\",\"@id\":\"http:\/\/www.guesalaz.es\/eu\/presupuestos-participativos\/#primaryimage\",\"url\":\"http:\/\/www.guesalaz.es\/wp-content\/uploads\/sites\/91\/2021\/06\/banner-participativos.jpg\",\"contentUrl\":\"http:\/\/www.guesalaz.es\/wp-content\/uploads\/sites\/91\/2021\/06\/banner-participativos.jpg\"},{\"@type\":\"BreadcrumbList\",\"@id\":\"http:\/\/www.guesalaz.es\/eu\/presupuestos-participativos\/#breadcrumb\",\"itemListElement\":[{\"@type\":\"ListItem\",\"position\":1,\"name\":\"Portada\",\"item\":\"http:\/\/www.guesalaz.es\/eu\/\"},{\"@type\":\"ListItem\",\"position\":2,\"name\":\"Presupuestos participativos 2024\"}]},{\"@type\":\"WebSite\",\"@id\":\"http:\/\/www.guesalaz.es\/eu\/#website\",\"url\":\"http:\/\/www.guesalaz.es\/eu\/\",\"name\":\"Ayuntamiento de Gues\u00e1laz \/ Gesalatzeko Udala\",\"description\":\"Gesalatzeko Udala\",\"potentialAction\":[{\"@type\":\"SearchAction\",\"target\":{\"@type\":\"EntryPoint\",\"urlTemplate\":\"http:\/\/www.guesalaz.es\/eu\/?s={search_term_string}\"},\"query-input\":{\"@type\":\"PropertyValueSpecification\",\"valueRequired\":true,\"valueName\":\"search_term_string\"}}],\"inLanguage\":\"eu-ES\"}]}<\/script>\r\n<!-- \/ Yoast SEO plugin. -->","yoast_head_json":{"title":"Aurrekontu parte hartzaileak 2024 - Ayuntamiento de Gues\u00e1laz \/ Gesalatzeko Udala","description":"Queremos que te impliques activamente en el dise\u00f1o de propuestas que mejoren y hagan m\u00e1s atractivo al Valle, y que esto sea fruto, en parte, de las propuestas ciudadanas, y por eso es importante que t\u00fa decidas una parte del presupuesto municipal.","robots":{"index":"index","follow":"follow","max-snippet":"max-snippet:-1","max-image-preview":"max-image-preview:large","max-video-preview":"max-video-preview:-1"},"canonical":"http:\/\/www.guesalaz.es\/eu\/presupuestos-participativos\/","og_locale":"eu_ES","og_type":"article","og_title":"Aurrekontu parte hartzaileak 2024 - Ayuntamiento de Gues\u00e1laz \/ Gesalatzeko Udala","og_description":"Queremos que te impliques activamente en el dise\u00f1o de propuestas que mejoren y hagan m\u00e1s atractivo al Valle, y que esto sea fruto, en parte, de las propuestas ciudadanas, y por eso es importante que t\u00fa decidas una parte del presupuesto municipal.","og_url":"http:\/\/www.guesalaz.es\/eu\/presupuestos-participativos\/","og_site_name":"Ayuntamiento de Gues\u00e1laz \/ Gesalatzeko Udala","article_modified_time":"2024-09-29T18:54:34+00:00","og_image":[{"url":"http:\/\/www.guesalaz.es\/wp-content\/uploads\/sites\/91\/2021\/06\/banner-participativos.jpg","type":"","width":"","height":""}],"twitter_card":"summary_large_image","twitter_misc":{"Est. reading time":"3 minutes"},"schema":{"@context":"https:\/\/schema.org","@graph":[{"@type":"WebPage","@id":"http:\/\/www.guesalaz.es\/eu\/presupuestos-participativos\/","url":"http:\/\/www.guesalaz.es\/eu\/presupuestos-participativos\/","name":"Aurrekontu parte hartzaileak 2024 - Ayuntamiento de Gues\u00e1laz \/ Gesalatzeko Udala","isPartOf":{"@id":"http:\/\/www.guesalaz.es\/eu\/#website"},"primaryImageOfPage":{"@id":"http:\/\/www.guesalaz.es\/eu\/presupuestos-participativos\/#primaryimage"},"image":{"@id":"http:\/\/www.guesalaz.es\/presupuestos-participativos\/#primaryimage"},"thumbnailUrl":"http:\/\/www.guesalaz.es\/wp-content\/uploads\/sites\/91\/2021\/06\/banner-participativos.jpg","datePublished":"2024-07-05T15:10:24+00:00","dateModified":"2024-09-29T18:54:34+00:00","description":"Queremos que te impliques activamente en el dise\u00f1o de propuestas que mejoren y hagan m\u00e1s atractivo al Valle, y que esto sea fruto, en parte, de las propuestas ciudadanas, y por eso es importante que t\u00fa decidas una parte del presupuesto municipal.","breadcrumb":{"@id":"http:\/\/www.guesalaz.es\/eu\/presupuestos-participativos\/#breadcrumb"},"inLanguage":"eu-ES","potentialAction":[{"@type":"ReadAction","target":[["http:\/\/www.guesalaz.es\/eu\/presupuestos-participativos\/"]]}]},{"@type":"ImageObject","inLanguage":"eu-ES","@id":"http:\/\/www.guesalaz.es\/eu\/presupuestos-participativos\/#primaryimage","url":"http:\/\/www.guesalaz.es\/wp-content\/uploads\/sites\/91\/2021\/06\/banner-participativos.jpg","contentUrl":"http:\/\/www.guesalaz.es\/wp-content\/uploads\/sites\/91\/2021\/06\/banner-participativos.jpg"},{"@type":"BreadcrumbList","@id":"http:\/\/www.guesalaz.es\/eu\/presupuestos-participativos\/#breadcrumb","itemListElement":[{"@type":"ListItem","position":1,"name":"Portada","item":"http:\/\/www.guesalaz.es\/eu\/"},{"@type":"ListItem","position":2,"name":"Presupuestos participativos 2024"}]},{"@type":"WebSite","@id":"http:\/\/www.guesalaz.es\/eu\/#website","url":"http:\/\/www.guesalaz.es\/eu\/","name":"Ayuntamiento de Gues\u00e1laz \/ Gesalatzeko Udala","description":"Gesalatzeko Udala","potentialAction":[{"@type":"SearchAction","target":{"@type":"EntryPoint","urlTemplate":"http:\/\/www.guesalaz.es\/eu\/?s={search_term_string}"},"query-input":{"@type":"PropertyValueSpecification","valueRequired":true,"valueName":"search_term_string"}}],"inLanguage":"eu-ES"}]}},"_links":{"self":[{"href":"http:\/\/www.guesalaz.es\/eu\/wp-json\/wp\/v2\/pages\/10109","targetHints":{"allow":["GET"]}}],"collection":[{"href":"http:\/\/www.guesalaz.es\/eu\/wp-json\/wp\/v2\/pages"}],"about":[{"href":"http:\/\/www.guesalaz.es\/eu\/wp-json\/wp\/v2\/types\/page"}],"author":[{"embeddable":true,"href":"http:\/\/www.guesalaz.es\/eu\/wp-json\/wp\/v2\/users\/19152"}],"replies":[{"embeddable":true,"href":"http:\/\/www.guesalaz.es\/eu\/wp-json\/wp\/v2\/comments?post=10109"}],"version-history":[{"count":18,"href":"http:\/\/www.guesalaz.es\/eu\/wp-json\/wp\/v2\/pages\/10109\/revisions"}],"predecessor-version":[{"id":10231,"href":"http:\/\/www.guesalaz.es\/eu\/wp-json\/wp\/v2\/pages\/10109\/revisions\/10231"}],"wp:attachment":[{"href":"http:\/\/www.guesalaz.es\/eu\/wp-json\/wp\/v2\/media?parent=10109"}],"curies":[{"name":"wp","href":"https:\/\/api.w.org\/{rel}","templated":true}]}}